{"id":152,"date":"2018-07-26T10:57:01","date_gmt":"2018-07-26T10:57:01","guid":{"rendered":"http:\/\/maxweiler.at\/index.php\/bibliographie\/"},"modified":"2019-03-02T09:28:54","modified_gmt":"2019-03-02T09:28:54","slug":"bibliographie","status":"publish","type":"page","link":"https:\/\/maxweiler.at\/index.php\/bibliographie\/","title":{"rendered":"Bibliographie"},"content":{"rendered":"\n<p><strong>B\u00fccher<\/strong><\/p>\n\n\n\n<p>Wilfried Skreiner (Hg.),&nbsp;<strong>Max Weiler<\/strong>, mit Texten von Max Weiler und einem Werkverzeichnis der Bilder von 1932\u20131974 von Almut Krapf, Residenz Verlag, Salzburg 1975<\/p>\n\n\n\n<p>Otto Breicha (Hg.), <strong>Max Weiler \u2013&nbsp;Die Innere Figur<\/strong>, 171 Bildwerke seit 1933, Verlag Galerie Welz, Salzburg 1989<\/p>\n\n\n\n<p>Yvonne Weiler (Hg.),&nbsp;<strong>Max Weiler \u2013 Aus der Natur gemacht<\/strong>. Bilder von 1927\u20131997, Tyrolia Verlag, Innsbruck\/Wien 1997<\/p>\n\n\n\n<p>Wieland Schmied,&nbsp;<strong>Max Weiler \u2013 ein anderes Bild der Natur \u2013 der Weg zum Sp\u00e4twerk<\/strong>, Residenz Verlag, Salzburg 1998<\/p>\n\n\n\n<p>Gottfried Boehm,&nbsp;<strong>Max Weiler \u2013 Im Jahrhundert der Moderne, Malerei seit 1927<\/strong>, Publikation zur Retrospektive im Wiener K\u00fcnstlerhaus 1999, hg. von Edelbert K\u00f6b&nbsp;<\/p>\n\n\n\n<p>Peter Assmann,&nbsp;<strong>Max Weiler \u2013 Zeichnung und Malerei auf Papier, 1927\u20132000<\/strong>, Bibliothek der Provinz, Weitra 2000<\/p>\n\n\n\n<p>Martin Hochleitner,&nbsp;<strong>Max Weiler und das Linzer Christk\u00f6nig-Fresko<\/strong>, Bibliothek der Provinz, Weitra 2000<\/p>\n\n\n\n<p>Silvia Eiblmayr (Hg.),&nbsp;<strong>Max Weiler \u2013 Die Fresken der Theresienkirche in Innsbruck 1945\u201347<\/strong>, Galerie im Taxispalais, Haymon Verlag, Innsbruck 2001<\/p>\n\n\n\n<p>Gottfried Boehm,&nbsp;<strong>Der Maler Max Weiler \u2013 Das Geistige in der Natur<\/strong>, Springer Verlag, Wien\/New York 2001 (22010)<\/p>\n\n\n\n<p>Wolfram Morath-Vogel,&nbsp;<strong>\u201eAls alle Dinge&#8230;\u201c \u2013 Der Meister Eckhart-Zyklus von Max Weiler<\/strong>, Angermuseum, Erfurt 2003<\/p>\n\n\n\n<p>Museum Moderner Kunst Stiftung Ludwig Wien (Hg.),&nbsp;<strong>Max Weiler \u2013 Vier W\u00e4nde \/ Max Weiler \u2013 Four Walls<\/strong>, Springer Verlag, Wien\/New York 2008&nbsp;<\/p>\n\n\n\n<p>Thomas Zaunschirm,&nbsp;<strong>Max Weiler \u2013 Wie eine Symphonie \/ Max Weiler \u2013 Like a Symphony<\/strong>. Hommage \u00e0 Mozart, Verlag Anton Pustet, Salzburg 2008&nbsp;<\/p>\n\n\n\n<p>Essl Museum (Hg.),&nbsp;<strong>Max Weiler &#8211; Die Natur der Malerei<\/strong>, kuratiert von Edelbert K\u00f6b, 1. Auflage: M\u00fcnchen 2010, 2. Auflage: Klosterneuburg 2010<\/p>\n\n\n\n<p>Tiroler Landesmuseum Ferdinandeum (Hg.),&nbsp;<strong>Max Weiler &#8211; Die gro\u00dfen Werke<\/strong>, Innsbruck 2010<\/p>\n\n\n\n<p>Klaus Albrecht Schr\u00f6der (Hg.),&nbsp;<strong>Max Weiler. Der Zeichner<\/strong>, Albertina, Wien. Hatje Cantz Verlag, 2011<\/p>\n\n\n\n<p><strong>Kataloge und Folder<\/strong><\/p>\n\n\n\n<p>Max Weiler. Akademie der Bildenden K\u00fcnste, Wien 1958<\/p>\n\n\n\n<p>Austria. xxx. Biennale, Venezia 1960<\/p>\n\n\n\n<p>Max Weiler. Tiroler Handelskammer, Innsbruck 1962<\/p>\n\n\n\n<p>Max Weiler. Tiroler Landesmuseum Ferdinandeum, Innsbruck 1964<\/p>\n\n\n\n<p>Weiler. Galerie im Taxispalais, Innsbruck 1966<\/p>\n\n\n\n<p>Max Weiler \u2013 Wie eine Landschaft. Akademie der bildenden K\u00fcnste, Wien 1966<\/p>\n\n\n\n<p>Weiler. Galerie W\u00fcrthle, Wien 1967<\/p>\n\n\n\n<p>Max Weiler \u2013 Zeichnungen. Galerie am Dom, Innsbruck 1969<\/p>\n\n\n\n<p>Max Weiler \u2013 12 Raumbilder. Galerie n\u00e4chst St.Stephan, Wien 1969<\/p>\n\n\n\n<p>Weiler. Neue Galerie am Landesmuseum Joanneum, Graz 1970<\/p>\n\n\n\n<p>Weiler 70. Galerie im Taxispalais, Innsbruck 1970<\/p>\n\n\n\n<p>Max Weiler \u2013 Pers\u00f6nliche Landschaft. Galerie W\u00fcrthle, Wien 1971<\/p>\n\n\n\n<p>Max Weiler \u2013 Landschaften auf t\u00f6nenden Gr\u00fcnden \u2013 Gem\u00e4lde, Graphik. Galerie Krinzinger, Innsbruck 1973<\/p>\n\n\n\n<p>Weiler \u2013 Fl\u00fcgelbilder 1965\u20131969. Burg Hasegg, Hall i. T. 1977<\/p>\n\n\n\n<p>Weiler. Galerie Annas\u00e4ule, Innsbruck 1977<\/p>\n\n\n\n<p>Max Weiler \u2013 Arbeiten auf Papier 1931\u20131978. Graphische Sammlung Albertina, Wien 1978<\/p>\n\n\n\n<p>Weiler 78 \u2013 Wie die Natur. Akademie der bildenden K\u00fcnste, Wien 1978<\/p>\n\n\n\n<p>Max Weiler. Akademie der bildenden K\u00fcnste, Wien 1978<\/p>\n\n\n\n<p>Max Weiler. Institut f\u00fcr Kunstgeschichte, Universit\u00e4t Innsbruck 1981<\/p>\n\n\n\n<p>Max Weiler. St\u00e4dtische Galerie in Lienz, Osttirol 1981<\/p>\n\n\n\n<p>Max Weiler. Galerie Elefant, Landeck, Tirol 1982<\/p>\n\n\n\n<p>Weiler 83. Schlo\u00df Maretsch, Bozen 1983<\/p>\n\n\n\n<p>Kunst der 50er Jahre \u2013 Max Weiler. W\u00fcrttembergischer Kunstverein, Stuttgart 1984<\/p>\n\n\n\n<p>Weiler. Frankfurter Kunstverein, Frankfurt\/Main 1984<\/p>\n\n\n\n<p>Max Weiler \u2013 Gesichter, Schemen, D\u00e4monen. Neue Galerie am Landesmuseum Joanneum, Graz 1986<\/p>\n\n\n\n<p>Max Weiler \u2013 Kunst ist Natur. Salzburger Landessammlungen Rupertinum, Salzburg 1986<\/p>\n\n\n\n<p>Max Weiler \u2013 Im Innern der Malerei. Wiener Secession, Wien 1988<\/p>\n\n\n\n<p>Max Weiler \u2013 Landschaft der Farbe. Galerie W\u00fcrthle, Wien 1988<\/p>\n\n\n\n<p>Max Weiler \u2013 Arte y natura. Museo de Arte Moderno, Mexico City, et. al. 1989<\/p>\n\n\n\n<p>Max Weiler \u2013 Barevn\u00e1 Pr\u00edroda (Farbnatur). Haus der Kunst, Br\u00fcnn 1989<\/p>\n\n\n\n<p>Max Weiler \u2013 A m\u00fcv\u00e9szet bels\u00f6 vil\u00e1ga (Im Innern der Malerei). Ungarische Nationalgalerie, Budapest 1989<\/p>\n\n\n\n<p>Max Weiler \u2013 Kunst wie Natur. Slowakische Nationalgalerie, Bratislava 1990, und Ober\u00f6sterreichisches Landesmuseum, Linz 1990\/91<\/p>\n\n\n\n<p>Max Weiler \u2013 Verwandlungen, Arbeiten auf Papier, 1953\u20131969. Graphische Sammlung Albertina, Wien 1990\/1991, und Museum moderner Kunst, Passau 1991<\/p>\n\n\n\n<p>Max Weiler \u2013 Zyklus, Als alle Dinge\u2026 1960\/1961. Salzburger Landessammlungen Rupertinum, Salzburg 1991<\/p>\n\n\n\n<p>Max Weiler. Galerie Welz, Salzburg 1991<\/p>\n\n\n\n<p>Max Weiler \u2013 Das Sp\u00e4twerk 1973\u20131991. Prager Nationalgalerie, Waldstein-Reitschule, Prag 1991<\/p>\n\n\n\n<p>Max Weiler \u2013 Innenschau (1933\u20131990). Tiroler Landesmuseum Ferdinandeum, Innsbruck 1992<\/p>\n\n\n\n<p>Max Weiler. Galerie Elisabeth &amp; Klaus Thoman, Innsbruck 1992<\/p>\n\n\n\n<p>Max Weiler \u2013 Himmelsluft und Wolkenart (1953\u20131991). Europ\u00e4isches Forum Alpbach 1992<\/p>\n\n\n\n<p>Max Weiler \u2013 Mannigfaltiges Naturgebild. 19 gro\u00dfe Zeichnungen aus den Jahren 1978\u20131985. Galerie Medium \u2013 Akademie der bildenden K\u00fcnste, Bratislava 1993<\/p>\n\n\n\n<p>Max Weiler \u2013 Licht und Farbe. Museion \u2013 Museum f\u00fcr moderne Kunst Bozen, 1993<\/p>\n\n\n\n<p>Max Weiler \u2013 \u00d6ffentliche Werke in Tirol 1946\u20131993. (Folder)<\/p>\n\n\n\n<p>Max Weiler \u2013 Bilder von 1985 bis 1991. Bawag Foundation Wien 1994\/1995<\/p>\n\n\n\n<p>Max Weiler \u2013 Wie eine Landschaft, Bilder von 1961 bis 1967. \u00d6sterreichische Galerie Belvedere, Wien 1995<\/p>\n\n\n\n<p>Max Weiler \u2013 Wie eine Landschaft, Zeichnungen von 1961 bis 1967. Graphische Sammlung Albertina, Wien 1995<\/p>\n\n\n\n<p>Max Weiler. Sammlung Essl, Sch\u00f6mer-Haus, Klosterneuburg 1995<\/p>\n\n\n\n<p>Max Weiler \u2013 Bilder aus der Sammlung Essl. Schlo\u00df Hartberg, Steiermark 1996<\/p>\n\n\n\n<p>Max Weiler \u2013 Arbeiten aus den Jahren 1995\/1996. Galerie Welz, Salzburg 1997<\/p>\n\n\n\n<p>Max Weiler \u2013 Ausgew\u00e4hlte Bilder und Zeichnungen von 1927 bis 1997. Galerie Michael Kovacek, Wien 1997<\/p>\n\n\n\n<p>Max Weiler \u2013 Ein anderes Bild der Natur. Der Weg zum Sp\u00e4twerk. Hg. v. Wieland Schmied. Ausstellungskatalog in chinesischer Sprache zur Ausstellung in der Chinesischen Nationalgalerie in Peking, 1998<\/p>\n\n\n\n<p>Max Weiler \u2013 Im Jahrhundert der Moderne. Malerei seit 1927. Text von Gottfried Boehm. Ausstellungskatalog zur Retrospektive im K\u00fcnstlerhaus Wien, Wien 1999<\/p>\n\n\n\n<p>Max Weiler &#8211; Zeichnungen und Malerei auf Papier, 1927-2000. Hg. von Peter Assmann, Landesgalerie Ober\u00f6sterreich, Linz 2000\/2001<\/p>\n\n\n\n<p>Max Weiler \u2013 Die Fresken der Theresienkirche in Innsbruck 1945\u201347. Hg. v. Silvia Eiblmayr, Galerie im Taxispalais, Innsbruck 2001<\/p>\n\n\n\n<p>\u00abAls alle Dinge \u2026\u00bb Der Meister-Eckhart-Zyklus von Max Weiler. Hg. von Wolfgang Morath-Vogel, Angermuseum, Erfurt 2003<\/p>\n\n\n\n<p>Max Weiler &#8211; Malarstwo. Miedzynarodowe, Centrum Kultury Krak\u00f3w, Krakau 2004<\/p>\n\n\n\n<p>Max Weiler &#8211; Vier W\u00e4nde. Kuratiert von Edelbert K\u00f6b, Museum Moderner Kunst Stifung Ludwig, Wien 2004 (2008)<\/p>\n\n\n\n<p>Begegnungen &#8211; Henri Michaux, Max Weiler, Hubert Scheibl. Sammlung Ploner, Wien 2005<\/p>\n\n\n\n<p>Max Weiler &#8211; Die Natur der Malerei. Kuratiert von Edelbert K\u00f6b, Essl Museum, Klosterneuburg 2010<\/p>\n\n\n\n<p>Max Weiler &#8211; Die gro\u00dfen Werke. Tiroler Landesmuseum Ferdinandeum, Innsbruck 2010<\/p>\n\n\n\n<p>Max Weiler. Der Zeichner. Albertina, Wien, 2011<\/p>\n","protected":false},"excerpt":{"rendered":"<p>B\u00fccher Wilfried Skreiner (Hg.),&nbsp;Max Weiler, mit Texten von Max Weiler und einem Werkverzeichnis der Bilder von 1932\u20131974 von Almut Krapf, Residenz Verlag, Salzburg 1975 Otto Breicha (Hg.), Max Weiler \u2013&nbsp;Die Innere Figur, 171 Bildwerke seit 1933, Verlag Galerie Welz, Salzburg 1989 Yvonne Weiler (Hg.),&nbsp;Max Weiler \u2013 Aus der Natur gemacht. Bilder von 1927\u20131997, Tyrolia Verlag, &hellip; <\/p>\n<p class=\"link-more\"><a href=\"https:\/\/maxweiler.at\/index.php\/bibliographie\/\" class=\"more-link\">Continue reading<span class=\"screen-reader-text\"> &#8220;Bibliographie&#8221;<\/span><\/a><\/p>\n","protected":false},"author":1,"featured_media":0,"parent":0,"menu_order":0,"comment_status":"closed","ping_status":"open","template":"","meta":{"footnotes":""},"class_list":["post-152","page","type-page","status-publish","hentry"],"_links":{"self":[{"href":"https:\/\/maxweiler.at\/index.php\/wp-json\/wp\/v2\/pages\/152","targetHints":{"allow":["GET"]}}],"collection":[{"href":"https:\/\/maxweiler.at\/index.php\/wp-json\/wp\/v2\/pages"}],"about":[{"href":"https:\/\/maxweiler.at\/index.php\/wp-json\/wp\/v2\/types\/page"}],"author":[{"embeddable":true,"href":"https:\/\/maxweiler.at\/index.php\/wp-json\/wp\/v2\/users\/1"}],"replies":[{"embeddable":true,"href":"https:\/\/maxweiler.at\/index.php\/wp-json\/wp\/v2\/comments?post=152"}],"version-history":[{"count":3,"href":"https:\/\/maxweiler.at\/index.php\/wp-json\/wp\/v2\/pages\/152\/revisions"}],"predecessor-version":[{"id":1372,"href":"https:\/\/maxweiler.at\/index.php\/wp-json\/wp\/v2\/pages\/152\/revisions\/1372"}],"wp:attachment":[{"href":"https:\/\/maxweiler.at\/index.php\/wp-json\/wp\/v2\/media?parent=152"}],"curies":[{"name":"wp","href":"https:\/\/api.w.org\/{rel}","templated":true}]}}