{"id":1377,"date":"2019-03-02T10:17:01","date_gmt":"2019-03-02T10:17:01","guid":{"rendered":"http:\/\/maxweiler.at\/?page_id=1377"},"modified":"2023-06-22T07:51:44","modified_gmt":"2023-06-22T07:51:44","slug":"werkverzeichnis","status":"publish","type":"page","link":"https:\/\/maxweiler.at\/index.php\/werkverzeichnis\/","title":{"rendered":"Werkverzeichnis"},"content":{"rendered":"\n<p>Max Weiler hinterlie\u00df mit rund 1600 Gem\u00e4lden, 3500 Zeichnungen und vierzig gro\u00dfformatigen Arbeiten im \u00f6ffentlichen Raum ein vielgestaltiges \u0152uvre und z\u00e4hlt zu den produktivsten europ\u00e4ischen K\u00fcnstlern seiner Generation. Um dieses umfangreiche Werk in seiner Gesamtheit einer interessierten \u00d6ffentlichkeit zug\u00e4nglich zu machen, wurde in den letzten Jahren mit gro\u00dfem Aufwand an einem umfassenden Werkverzeichnis gearbeitet. Dieses dient auch dazu dem Handel mit Werken Max Weilers die n\u00f6tige Sicherheit zu gew\u00e4hrleisten, da Max Weiler aufgrund seiner Bedeutung und Popularit\u00e4t leider wiederholt das Ziel von F\u00e4lschungsversuchen ist.<\/p>\n\n\n\n<p>Das Werkverzeichnis von Max Weilers zeichnerischen Arbeiten auf Papier entstand in Kooperation mit der Albertina, Wien, und ist online Verf\u00fcgbar unter<br><a href=\"http:\/\/maxweiler.albertina.at\">http:\/\/maxweiler.albertina.at<\/a><\/p>\n\n\n\n<p>Das Werkverzeichnis von Max Weilers malerischem Werk ist zur Zeit in Arbeit. <br>Bei etwaigen Fragen wenden Sie sich bitte an<br><a href=\"max.weiler.archiv@icloud.com\">max.weiler.archiv@icloud.com<\/a><\/p>\n\n\n\n<p>Vorarbeiten, Skizzen und Studien zu Max Weilers \u00f6ffentlichem Werk befinden sich in der Grafischen Sammlung der Tiroler Landesmuseen in Innsbruck.<br>Bei Fragen zu diesem Bestand wenden Sie sich bitte an Ralf Bormann <a href=\"mailto:R.Bormann@tiroler-landesmuseen.at\">R.Bormann@tiroler-landesmuseen.at<\/a><\/p>\n","protected":false},"excerpt":{"rendered":"<p>Max Weiler hinterlie\u00df mit rund 1600 Gem\u00e4lden, 3500 Zeichnungen und vierzig gro\u00dfformatigen Arbeiten im \u00f6ffentlichen Raum ein vielgestaltiges \u0152uvre und z\u00e4hlt zu den produktivsten europ\u00e4ischen K\u00fcnstlern seiner Generation. Um dieses umfangreiche Werk in seiner Gesamtheit einer interessierten \u00d6ffentlichkeit zug\u00e4nglich zu machen, wurde in den letzten Jahren mit gro\u00dfem Aufwand an einem umfassenden Werkverzeichnis gearbeitet. Dieses &hellip; <\/p>\n<p class=\"link-more\"><a href=\"https:\/\/maxweiler.at\/index.php\/werkverzeichnis\/\" class=\"more-link\">Continue reading<span class=\"screen-reader-text\"> &#8220;Werkverzeichnis&#8221;<\/span><\/a><\/p>\n","protected":false},"author":1,"featured_media":0,"parent":0,"menu_order":0,"comment_status":"closed","ping_status":"closed","template":"","meta":{"footnotes":""},"class_list":["post-1377","page","type-page","status-publish","hentry"],"_links":{"self":[{"href":"https:\/\/maxweiler.at\/index.php\/wp-json\/wp\/v2\/pages\/1377","targetHints":{"allow":["GET"]}}],"collection":[{"href":"https:\/\/maxweiler.at\/index.php\/wp-json\/wp\/v2\/pages"}],"about":[{"href":"https:\/\/maxweiler.at\/index.php\/wp-json\/wp\/v2\/types\/page"}],"author":[{"embeddable":true,"href":"https:\/\/maxweiler.at\/index.php\/wp-json\/wp\/v2\/users\/1"}],"replies":[{"embeddable":true,"href":"https:\/\/maxweiler.at\/index.php\/wp-json\/wp\/v2\/comments?post=1377"}],"version-history":[{"count":4,"href":"https:\/\/maxweiler.at\/index.php\/wp-json\/wp\/v2\/pages\/1377\/revisions"}],"predecessor-version":[{"id":1539,"href":"https:\/\/maxweiler.at\/index.php\/wp-json\/wp\/v2\/pages\/1377\/revisions\/1539"}],"wp:attachment":[{"href":"https:\/\/maxweiler.at\/index.php\/wp-json\/wp\/v2\/media?parent=1377"}],"curies":[{"name":"wp","href":"https:\/\/api.w.org\/{rel}","templated":true}]}}