{"id":1340,"date":"2019-02-27T09:53:20","date_gmt":"2019-02-27T09:53:20","guid":{"rendered":"http:\/\/maxweiler.at\/?page_id=1340"},"modified":"2019-03-18T11:22:29","modified_gmt":"2019-03-18T11:22:29","slug":"datenschutz","status":"publish","type":"page","link":"https:\/\/maxweiler.at\/index.php\/datenschutz\/","title":{"rendered":"Datenschutz"},"content":{"rendered":"\n<p>Datenschutzerkl\u00e4rung<\/p>\n\n\n\n<p>1. Einleitung<br>Der Schutz Ihrer pers\u00f6nlichen Daten ist uns sehr wichtig.<br>Im Folgenden informieren wir Sie \u00fcber die Erhebung personenbezogener Daten bei Nutzung unserer Webseite. Personenbezogene Daten sind alle Daten, die sich auf Sie pers\u00f6nlich beziehen, wie beispielsweise Name, Anschrift, Telefonnummer, Geburtsdatum, E-Mail-Adresse, Nutzerverhalten, etc.<br>Wir verarbeiten Ihre Daten ausschlie\u00dflich auf Grundlage der gesetzlichen Bestimmungen (Datenschutz-Grundverordnung und Datenschutzgesetz in der Fassung des Datenschutzgesetz-Anpassungsgesetzes, BGBl. I Nr. 120\/2017).<\/p>\n\n\n\n<p>2. Verantwortliche Stelle<br>Verantwortlicher gem\u00e4\u00df Art. 4 Abs 7 Datenschutz-Grundverordnung (DSGVO) ist:<br>Robert Najar  <br>max.weiler.archiv@icloud.com<\/p>\n\n\n\n<p>3. Erhebung und Verwendung personenbezogener Daten<\/p>\n\n\n\n<p>3.1. Datenerhebung bei Besuch unserer Webseite<br>Bei einem blo\u00dfen Besuch unserer Webseite, also wenn Sie weder ein Kontakt- oder Bestellformular ausf\u00fcllen oder uns anderweitig Informationen \u00fcbermitteln, erheben wir lediglich die Daten, die Ihr Browser an unseren Server \u00fcbermittelt. Es werden von uns lediglich jene Daten erhoben, die f\u00fcr uns technisch erforderlich sind, um Ihnen unsere Webseite anzuzeigen und um die Stabilit\u00e4t und Sicherheit unserer Webseite zu gew\u00e4hrleisten. Die Rechtsgrundlage daf\u00fcr stellt Art 6 Abs 1 lit f DSGVO dar.<\/p>\n\n\n\n<p>Folgende Daten werden von uns bei einem Besuch unserer Webseite erhoben:<br>&#8211; IP-Adresse<br>&#8211; Datum und Uhrzeit der Anfrage<br>&#8211; Zeitzonendifferenz zur Greenwich Mean Time (GMT)<br>&#8211; Inhalt der Anforderung (konkrete Seite)<br>&#8211; Zugriffsstatus\/HTTP-Statuscode<br>&#8211; jeweils \u00fcbertragene Datenmenge<br>&#8211; Webseite, von der die Anforderung kommt (Referrer-URL)<br>&#8211; Browser<br>&#8211; Betriebssystem und dessen Oberfl\u00e4che<br>&#8211; Sprache und Version der Browsersoftware<\/p>\n\n\n\n<p>3.2. Verwendung von Cookies<br>Zus\u00e4tzlich zu den oben genannten Daten werden durch die Nutzung unserer Webseite Cookies auf Ihrem Rechner gespeichert, wobei ausschlie\u00dflich Cookies gesetzt werden, die unbedingt erforderlich sind.<br>Cookies sind kleine Textdateien, die auf Ihrer Festplatte gespeichert werden, um den Besuch unserer Webseite f\u00fcr Sie attraktiv zu gestalten und Ihnen die optimale Nutzung bestimmter angebotener Funktionen und Services zu erm\u00f6glichen. Cookies k\u00f6nnen keine Programme ausf\u00fchren oder Viren auf Ihren Computer \u00fcbertragen. Sie dienen insbesondere dazu, unser Internetangebot insgesamt benutzerfreundlicher und effektiver zu machen.<\/p>\n\n\n\n<p>Unsere Webseite nutzt Session Cookies und Persistente Cookies, welche wir Ihnen nachfolgend erl\u00e4utern d\u00fcrfen.<br>Session Cookies werden automatisiert gel\u00f6scht, wenn Sie Ihren Browser schlie\u00dfen. Session Cookies speichern eine sogenannte Session-ID, mit welcher sich verschiedene Anfragen Ihres Browsers der gemeinsamen Sitzung zuordnen lassen. Durch die Speicherung ist es uns m\u00f6glich Ihren Rechner bei Folgebesuchen wiederzuerkennen. Sie k\u00f6nnen zudem in den Sicherheitseinstellungen Ihres Browsers diese Cookies jederzeit l\u00f6schen.<br>Persistente Cookies werden nach einer vorgegebenen Dauer, die sich je nach Cookie unterscheiden kann, automatisiert gel\u00f6scht. Die Dauer der Speicherung finden Sie in der \u00dcbersicht in den Cookie-Einstellungen Ihres Browsers. Sie k\u00f6nnen zudem in den Sicherheitseinstellungen Ihres Browsers diese Cookies jederzeit l\u00f6schen.<\/p>\n\n\n\n<p>Es ist m\u00f6glich, Ihre Browser-Einstellung so zu konfigurieren, dass beispielsweise die Annahme von Cookies abgelehnt wird. Falls Sie wissen m\u00f6chten, wie Sie diese Schritte setzen k\u00f6nnen, ben\u00fctzen Sie bitte die Hilfe-Funktion in Ihrem Browser.<\/p>\n\n\n\n<p>Wir weisen Sie jedoch darauf hin, dass Sie bei Nichtannahme von Cookies unter Umst\u00e4nden nicht alle Funktionen unserer Webseite nutzen k\u00f6nnen.<\/p>\n\n\n\n<p>3.3. Bei Kontaktaufnahme mit uns per E-Mail oder \u00fcber ein Kontaktformular werden die von Ihnen freiwillig angegebenen Daten (Ihre E-Mail-Adresse, gegebenenfalls Ihr Name, Ihre Anschrift und Ihre Telefonnummer) von uns gespeichert, um Ihre Anfrage zu beantworten.&nbsp;<br>Neben der Nutzung unserer Webseite bieten wir zus\u00e4tzlich verschiedene Leistungen an. Zur Erbringung dieser jeweiligen Leistungen m\u00fcssen Sie uns in der Regel weitere personenbezogene Daten angeben.<br>Pflichtfelder in unseren Kontakt- oder Bestellformularen sind als solche gekennzeichnet. Die in den Pflichtfeldern anzugebenden Daten ben\u00f6tigen wir zwingend zur Bearbeitung Ihrer Anfrage bzw. zur Durchf\u00fchrung vorvertraglicher Ma\u00dfnahmen sowie zur Vertragserf\u00fcllung, da wir ansonsten Ihre Anfrage nicht beantworten bzw. Ihre Bestellung \/ Ihr Anliegen nicht abschlie\u00dfen k\u00f6nnen.<br>Die in diesem Zusammenhang von Ihnen bekanntgegebenen Daten l\u00f6schen wir, nachdem die Speicherung nicht mehr erforderlich ist oder schr\u00e4nken die Verarbeitung ein, sofern gesetzliche Aufbewahrungspflichten bestehen. Nach Ablauf der gesetzlichen Aufbewahrungspflichten werden Ihre Daten gel\u00f6scht, sofern Sie nicht ausdr\u00fccklich in eine weitere Nutzung eingewilligt haben oder keine rechtliche Grundlage mehr zur weiteren Verarbeitung Ihrer Daten besteht.<\/p>\n\n\n\n<p>4. Einbindung von Inhalten Dritter<br>Es kann vorkommen, dass innerhalb dieser Website Inhalte Dritter, wie zum Beispiel Videos von YouTube, Kartenmaterial von z.B. Google-Maps (Kartenansicht, Umkreissuche bzw. Anwendungen, welche die Verarbeitung standortbezogener Daten f\u00fcr die Ausgabe der von den Nutzern gew\u00fcnschten Ergebnisliste ben\u00f6tigen), RSS-Feeds oder Grafiken von anderen Webseiten eingebunden werden. Dies setzt immer voraus, dass die Anbieter dieser Inhalte (nachfolgend bezeichnet als &#8220;Dritt-Anbieter&#8221;) die IP-Adresse der Nutzer wahrnehmen. Denn ohne die IP-Adresse, k\u00f6nnten sie die Inhalte nicht an den Browser des jeweiligen Nutzers senden. Die IP-Adresse ist damit f\u00fcr die Darstellung dieser Inhalte erforderlich. Wir bem\u00fchen uns nur solche Inhalte zu verwenden, deren jeweilige Anbieter die IP-Adresse lediglich zur Auslieferung der Inhalte verwenden. Jedoch haben wir keinen Einfluss darauf, falls die Dritt-Anbieter die IP-Adresse z.B. f\u00fcr statistische Zwecke speichern. Soweit dies uns bekannt ist, kl\u00e4ren wir die Nutzer dar\u00fcber auf.<\/p>\n\n\n\n<p>4.1. Google Web Fonts<br>Unsere Seiten nutzen Funktionen von Google Web Fonts. Anbieter ist die Google Inc., 1600 Amphitheatre Parkway Mountain View, CA 94043, USA.<br>Diese Seite nutzt zur einheitlichen Darstellung von Schriftarten so genannte Web Fonts, die von Google bereitgestellt werden. Beim Aufruf einer Seite l\u00e4dt Ihr Browser die ben\u00f6tigten Web Fonts in ihren Browsercache, um Texte und Schriftarten korrekt anzuzeigen. Wenn Ihr Browser Web Fonts nicht unterst\u00fctzt, wird eine Standardschrift Ihres Computers genutzt.<br>Weitere Informationen zu Google Web Fonts finden Sie unter https:\/\/developers.google.com\/fonts\/faq und in der Datenschutzerkl\u00e4rung von Google: https:\/\/www.google.com\/policies\/privacy\/<\/p>\n\n\n\n<p>5. Ihre Rechte<\/p>\n\n\n\n<p>5.1. Widerspruchsrecht<br>Insofern wir zur Wahrung unserer im Rahmen einer Interessensabw\u00e4gung \u00fcberwiegenden berechtigten Interessen personenbezogene Daten verarbeiten, k\u00f6nnen Sie dieser Verarbeitung mit Wirkung f\u00fcr die Zukunft widersprechen. Erfolgt die Verarbeitung zu Zwecken des Direktmarketings, k\u00f6nnen Sie dieses Recht jederzeit wie oben beschrieben aus\u00fcben. Soweit die Verarbeitung zu anderen Zwecken erfolgt, steht Ihnen ein Widerspruchsrecht nur bei Vorliegen von Gr\u00fcnden, die sich aus Ihrer h\u00f6chstpers\u00f6nlichen Situation ergeben, zu.<br>Nach Aus\u00fcbung Ihres Widerspruchsrechts werden wir Ihre personenbezogenen Daten nicht weiter zu diesen Zwecken verarbeiten, es sei denn, wir k\u00f6nnen zwingende schutzw\u00fcrdige Gr\u00fcnde f\u00fcr die Verarbeitung nachweisen, die Ihre Interessen, Rechte und Freiheiten \u00fcberwiegen, oder wenn die Verarbeitung der Geltendmachung, Aus\u00fcbung oder Verteidigung von Rechtsanspr\u00fcchen dient.<\/p>\n\n\n\n<p>5.2. Betroffenenrechte<br>Hinweis auf Ihre Rechte als Betroffener:<br>Sie haben uns gegen\u00fcber folgende Rechte hinsichtlich ihrer personenbezogenen Daten:<br>Rechte auf Auskunft iSd Art 15 DSGVO,<br>Recht auf Berichtigung oder L\u00f6schung iSd Art 16 und Art 17 DSGVO,<br>Recht auf Einschr\u00e4nkung der Verarbeitung iSd Art 18 DSGVO,<br>Recht auf Daten\u00fcbertragbarkeit iSd Art 20 DSGVO,<br>Recht auf Widerspruch gegen die Verarbeitung iSd Art 21 DSGVO.<\/p>\n\n\n\n<p>Ihre oben genannten Rechte k\u00f6nnen Sie jederzeit, ganz oder nur teilweise, durch formloses Schreiben, ohne Angabe von Gr\u00fcnden postalisch oder per E-Mail an die oben genannten Kontaktdaten der verantwortlichen Stelle bzw. des Datenschutzbeauftragen geltend machen.<br>Wir ersuchen bei Aus\u00fcbung des Widerspruchs gegen die Verarbeitung Ihrer personenbezogener Daten, um Darlegung der Gr\u00fcnde, weshalb wir Ihre personenbezogenen Daten nicht mehr verarbeiten sollten. Im Falle Ihres begr\u00fcndeten Widerspruchs pr\u00fcfen wir die Sachlage und werden entweder die Verarbeitung Ihrer personenbezogener Daten beenden bzw. anpassen oder Ihnen unsere zwingenden schutzw\u00fcrdigen Gr\u00fcnde mitteilen, aufgrund derer wir die Datenverarbeitung fortf\u00fchren.<br>Sofern Sie der Ansicht sind, dass die Verarbeitung Ihrer personenbezogenen Daten gegen das Datenschutzrecht verst\u00f6\u00dft oder Ihre datenschutzrechtlichen Anspr\u00fcche sonst in einer Weise verletzt worden sind, haben Sie dar\u00fcber hinaus das Recht, sich bei der sachlich zust\u00e4ndigen Aufsichtsbeh\u00f6rde zu beschweren.<\/p>\n\n\n\n<p>Die Datenschutzbeh\u00f6rde ist unter der folgenden Adresse erreichbar:<br>\u00d6sterreichische Datenschutzbeh\u00f6rde<br>Wickenburggasse 8<br>1080 Wien<br>Telefon: +43 1 52 152-0<br>E-Mail: dsb@dsb.gv.at<br>Web: https:\/\/www.dsb.gv.at<\/p>\n\n\n\n<p>6. Zustimmung der Nutzer<br>Nutzer dieser Website stimmen den oben angef\u00fchrten Bestimmungen zum Datenschutz zu.<\/p>\n","protected":false},"excerpt":{"rendered":"<p>Datenschutzerkl\u00e4rung 1. EinleitungDer Schutz Ihrer pers\u00f6nlichen Daten ist uns sehr wichtig.Im Folgenden informieren wir Sie \u00fcber die Erhebung personenbezogener Daten bei Nutzung unserer Webseite. Personenbezogene Daten sind alle Daten, die sich auf Sie pers\u00f6nlich beziehen, wie beispielsweise Name, Anschrift, Telefonnummer, Geburtsdatum, E-Mail-Adresse, Nutzerverhalten, etc.Wir verarbeiten Ihre Daten ausschlie\u00dflich auf Grundlage der gesetzlichen Bestimmungen (Datenschutz-Grundverordnung und &hellip; <\/p>\n<p class=\"link-more\"><a href=\"https:\/\/maxweiler.at\/index.php\/datenschutz\/\" class=\"more-link\">Continue reading<span class=\"screen-reader-text\"> &#8220;Datenschutz&#8221;<\/span><\/a><\/p>\n","protected":false},"author":1,"featured_media":0,"parent":0,"menu_order":0,"comment_status":"closed","ping_status":"closed","template":"","meta":{"footnotes":""},"class_list":["post-1340","page","type-page","status-publish","hentry"],"_links":{"self":[{"href":"https:\/\/maxweiler.at\/index.php\/wp-json\/wp\/v2\/pages\/1340","targetHints":{"allow":["GET"]}}],"collection":[{"href":"https:\/\/maxweiler.at\/index.php\/wp-json\/wp\/v2\/pages"}],"about":[{"href":"https:\/\/maxweiler.at\/index.php\/wp-json\/wp\/v2\/types\/page"}],"author":[{"embeddable":true,"href":"https:\/\/maxweiler.at\/index.php\/wp-json\/wp\/v2\/users\/1"}],"replies":[{"embeddable":true,"href":"https:\/\/maxweiler.at\/index.php\/wp-json\/wp\/v2\/comments?post=1340"}],"version-history":[{"count":3,"href":"https:\/\/maxweiler.at\/index.php\/wp-json\/wp\/v2\/pages\/1340\/revisions"}],"predecessor-version":[{"id":1469,"href":"https:\/\/maxweiler.at\/index.php\/wp-json\/wp\/v2\/pages\/1340\/revisions\/1469"}],"wp:attachment":[{"href":"https:\/\/maxweiler.at\/index.php\/wp-json\/wp\/v2\/media?parent=1340"}],"curies":[{"name":"wp","href":"https:\/\/api.w.org\/{rel}","templated":true}]}}