{"id":1282,"date":"2019-02-24T09:03:32","date_gmt":"2019-02-24T09:03:32","guid":{"rendered":"http:\/\/maxweiler.at\/?page_id=1282"},"modified":"2022-01-07T09:58:52","modified_gmt":"2022-01-07T09:58:52","slug":"das-spaetwerk-1980-2000","status":"publish","type":"page","link":"https:\/\/maxweiler.at\/index.php\/das-spaetwerk-1980-2000\/","title":{"rendered":"Das Sp\u00e4twerk, 1980-2000"},"content":{"rendered":"\n<p>Was ein &#8220;Sp\u00e4twerk&#8221; auszeichnet, gilt als h\u00f6chst umstritten. Beginnen wir deshalb mit dem Naheliegenden, der zur\u00fcckgelegten Strecke, den geschaffenen Werken.<\/p>\n\n\n\n<p>Weiler hatte zu Beginn der achtziger Jahre, nach der Phase der &#8220;Neuen Landschaften&#8221; l\u00e4nger als f\u00fcnfzig Jahre gemalt. Entstanden waren etwa 1500 Gem\u00e4lde, zu Beginn in \u00d6l, nach 1960 stets in Eitempera. Dazu kamen gegen vierzig Werke im \u00f6ffentlichen Raum und ein gewaltiges zeichnerisches Oeuvre mit etwa 4000 Bl\u00e4ttern. Weiler begann einen Sinn f\u00fcr seine eigene Lebensgeschichte zu entwickeln. Ihm wurde klar, in welchem Umfang seine Malerei Erinnerungen an Naturbilder enthielt, die er seit seiner Kindheit in sich angesammelt hatte. Das Paradies der fr\u00fchen Kindertage und das Paradies einer Natur im Werden \u2013 waren sie nicht die beiden Seiten der gleichen Erfahrung?<\/p>\n\n\n\n<p>Wer freilich von Weilers Sp\u00e4twerk Melancholie und Wehmut erwartet, der sieht sich entt\u00e4uscht. Im Gegenteil: es hat den Anschein als k\u00e4me erst jetzt die F\u00fclle all dessen, was er vor sich sah und ertr\u00e4umte, ganz heraus. Das Sp\u00e4twerk Weilers steht unter Vorzeichen einer besonderen Souver\u00e4nit\u00e4t. Und dies im w\u00f6rtlichen Sinne: er beherrscht jetzt das Reich der Malerei, das er sich durch seine konzentrierte Lebensarbeit aufgebaut hatte. Jetzt wollte er es noch einmal wissen.<\/p>\n\n\n\n<p>Es wurde sichtbar, dass er einen eigenen, einsamen Weg gegangen war, der sich mit den Koordinaten der \u00f6sterreichischen Kunst, auch mit den Auspr\u00e4gungen der &#8220;Wiener Moderne&#8221; nicht verrechnen lie\u00df. Eine derartige Bejahung der Natur, ein von keinem Zweifel zernagter Glaube an die Kraft und Zukunft der Malerei \u2013 wo gibt es dergleichen noch? Manch einem schien solch Zutrauen verd\u00e4chtig und nicht an der Zeit.<\/p>\n\n\n\n<p>Mit Weilers Sp\u00e4twerk konfiguriert sich auch jener historische Prozess, der als \u00f6kologische Krise oder als &#8220;gr\u00fcnes&#8221; Bewusstsein mittlerweile die gesamte \u00d6ffentlichkeit erfasst hat. F\u00fcr derlei Debatten, die gewiss nicht ausgestanden sind, hat Weiler durch seine Malerei unausgesch\u00f6pfte Beitr\u00e4ge geleistet. In welchem Umfang sich auch die Kunst der Moderne trotz oder wegen ihrer Artifizialit\u00e4t, auf eine Auseinandersetzung mit der Natur verwiesen sieht, das war Weiler seit seinen Anf\u00e4ngen deutlich gewesen. Sein Oeuvre enth\u00e4lt neue und exemplarische Formen der Naturdarstellung, jenseits des g\u00e4ngigen Schemas der Landschaft.<\/p>\n\n\n\n<p>Was das Sp\u00e4twerk da und dort auszeichnet, l\u00e4sst sich als eine &#8220;Peripetie&#8221; beschreiben. Betrachten wir dazu zum Beispiel das Bild &#8220;Prunk der Natur&#8221; (1987). Schon der Titel bezeichnet einen \u00dcberschwang, einen luxurierenden \u00dcberhang an M\u00f6glichkeiten. Dergleichen ist auch aus Weilers \u00e4lterer Malerei gel\u00e4ufig. Was jetzt hinzu kommt, ist ein Moment der Ekstase, eine rauschartige \u00dcbersteigerung, die einigen seiner Bilder einen dionysischen Furor verleiht. Vielleicht den H\u00f6hepunkt in dieser Hinsicht stellt &#8220;Macht des Rot&#8221; (1987) dar. Das gewaltige 4 x 4 m messende, also quadratische Format, entl\u00e4sst eine Kaskade heftiger Farbenergien, die sich in einer zentralen Peripetie aufgipfelt. Dort wo die vier Leinw\u00e4nde, aus denen das Gem\u00e4lde zusammengef\u00fcgt ist, aufeinandersto\u00dfen, wird ein Punkt allergr\u00f6\u00dfter, ekstatischer Kraft erreicht. Weiler entwarf und erarbeitete dieses Bild urspr\u00fcnglich f\u00fcr eine Totenkapelle in Lans bei Innsbruck. Auch wenn sich der Auftrag an Weiler schlie\u00dflich zerschlug, seine denkw\u00fcrdige Antwort auf den Tod ist uns erhalten. Sie besteht im Glauben an die un\u00fcberwindliche, rauschhaft-sinnliche Kraft des Lebens. Welch eine Antwort auf Trauer und Totenklage! Die explodierenden Energien des Gem\u00e4ldes zerstieben nicht, die Entropie ist gebannt. Gebannt durch eine Gegenkraft, die Sammlung, die Herr wird \u00fcber die Beschleunigung, der wir im Bild begegnen. Die sich \u00fcbersteigernden Kr\u00e4fte halten sich selbst in einer Balance.&nbsp;<\/p>\n\n\n\n<p>Weilers alte \u00dcberzeugung, dass Natur und Spiritualit\u00e4t im Kern verwandt sind, gewinnt im Sp\u00e4twerk neue \u00dcberzeugungskraft. Besonders eindr\u00fccklich erscheint &#8220;Blauer Vogel. Pfingsten&#8221; (1986). Weilers Anspielung an das christliche Geistereignis, auf die Herabkunft nicht der Taube, sondern eines unbekannten &#8220;Blauen Vogels&#8221; bedient sich einer vertikalen Anordnung. Der Betrachter sieht diese Realit\u00e4t nicht nur in eine frontale Distanz gebannt, wie wir sie aus seinem religi\u00f6sen Fr\u00fchwerk kennen. Wir sehen sie jetzt wie ein Ereignis, wie eine sich gerade vollziehende Epiphanie.<\/p>\n\n\n\n<p>Jenseits seines achtzigsten Lebensjahres machte sich der K\u00fcnstler noch einmal an \u00f6ffentliche Auftr\u00e4ge. Entstanden ist &#8220;Wie eine Symphonie&#8221; (1990; 5 x 6,30 m) f\u00fcr den H\u00f6rraum der Salzburger Landesausstellung, &#8220;Mozart-Bilder und Kl\u00e4nge&#8221;, aus Anlass des 200. Todestages des Komponisten. Und schlie\u00dflich noch die drei gewaltigen Wandbilder f\u00fcr das Innsbrucker Casino (1992\/93), die jeweils 3 x 6 m messen. In all den zuletzt genannten Werken ist die dionysische \u00dcbersteigerung ablesbar.&nbsp;&#8220;Es ist meine Aufgabe, zur modernen Kunst etwas beizusteuern, das ihr fehlt. Was ist das? Sie k\u00f6nnen es lesen, es ist die \u00dcbereinstimmung mit dem gro\u00dfen Leben des Kosmos, eine gewisse Passivit\u00e4t zugunsten einer ungeheuren Wirkkraft des Unterbewu\u00dften, eine asiatische Welterfahrung, die die unbedingte Erg\u00e4nzung dieser europ\u00e4ischen Schau ist. Auch sie ist die Wirklichkeit. Das sage ich f\u00fcr die Einsichtigen unter den Kunstmenschen und denen geh\u00f6rt die Zukunft. Man ist ein Geschehen, das sich nicht selbst beurteilt.&#8221; (1988)<br><br><br><\/p>\n\n\n\n<figure class=\"wp-block-image alignfull\"><img loading=\"lazy\" decoding=\"async\" width=\"1259\" height=\"1200\" src=\"https:\/\/maxweiler.at\/wp-content\/uploads\/2019\/02\/20.04_1981_Waldtempel.jpg\" alt=\"\" class=\"wp-image-1283\" srcset=\"https:\/\/maxweiler.at\/wp-content\/uploads\/2019\/02\/20.04_1981_Waldtempel.jpg 1259w, https:\/\/maxweiler.at\/wp-content\/uploads\/2019\/02\/20.04_1981_Waldtempel-300x286.jpg 300w, https:\/\/maxweiler.at\/wp-content\/uploads\/2019\/02\/20.04_1981_Waldtempel-768x732.jpg 768w, https:\/\/maxweiler.at\/wp-content\/uploads\/2019\/02\/20.04_1981_Waldtempel-1024x976.jpg 1024w\" sizes=\"auto, (max-width: 767px) 99vw, (max-width: 1000px) 99vw, (max-width: 1071px) 99vw\" \/><figcaption><strong>Waldtempel, 1981<br><\/strong>Eitempera auf Leinwand <br>200 x 210 cm<br><br><\/figcaption><\/figure>\n\n\n\n<figure class=\"wp-block-image alignfull\"><img loading=\"lazy\" decoding=\"async\" width=\"1139\" height=\"1200\" src=\"https:\/\/maxweiler.at\/wp-content\/uploads\/2019\/02\/20.09_G12-82-Herbstlandschaft.jpg\" alt=\"\" class=\"wp-image-1284\" srcset=\"https:\/\/maxweiler.at\/wp-content\/uploads\/2019\/02\/20.09_G12-82-Herbstlandschaft.jpg 1139w, https:\/\/maxweiler.at\/wp-content\/uploads\/2019\/02\/20.09_G12-82-Herbstlandschaft-285x300.jpg 285w, https:\/\/maxweiler.at\/wp-content\/uploads\/2019\/02\/20.09_G12-82-Herbstlandschaft-768x809.jpg 768w, https:\/\/maxweiler.at\/wp-content\/uploads\/2019\/02\/20.09_G12-82-Herbstlandschaft-972x1024.jpg 972w\" sizes=\"auto, (max-width: 767px) 99vw, (max-width: 1000px) 99vw, (max-width: 1071px) 99vw\" \/><figcaption><strong>Herbstlandschaft, 1982<br><\/strong>Eitempera auf Leinwand <br>210 x 200 cm <br>Land Vorarlberg Landessammlung<br><br><\/figcaption><\/figure>\n\n\n\n<figure class=\"wp-block-image\"><img loading=\"lazy\" decoding=\"async\" width=\"1900\" height=\"1043\" src=\"https:\/\/maxweiler.at\/wp-content\/uploads\/2019\/02\/20.05_1982_links-ein-Rain.jpg\" alt=\"\" class=\"wp-image-1285\" srcset=\"https:\/\/maxweiler.at\/wp-content\/uploads\/2019\/02\/20.05_1982_links-ein-Rain.jpg 1900w, https:\/\/maxweiler.at\/wp-content\/uploads\/2019\/02\/20.05_1982_links-ein-Rain-300x165.jpg 300w, https:\/\/maxweiler.at\/wp-content\/uploads\/2019\/02\/20.05_1982_links-ein-Rain-768x422.jpg 768w, https:\/\/maxweiler.at\/wp-content\/uploads\/2019\/02\/20.05_1982_links-ein-Rain-1024x562.jpg 1024w\" sizes=\"auto, (max-width: 767px) 99vw, (max-width: 1000px) 99vw, (max-width: 1071px) 99vw\" \/><figcaption><strong>Links ein Rain, 1982<br><\/strong>Eitempera auf Leinwand <br>110 x 200 cm<br><br><\/figcaption><\/figure>\n\n\n\n<div class=\"wp-block-image\"><figure class=\"aligncenter\"><img loading=\"lazy\" decoding=\"async\" width=\"1607\" height=\"1200\" src=\"https:\/\/maxweiler.at\/wp-content\/uploads\/2019\/02\/20.12_1983_garten-Eden.jpg\" alt=\"\" class=\"wp-image-1286\" srcset=\"https:\/\/maxweiler.at\/wp-content\/uploads\/2019\/02\/20.12_1983_garten-Eden.jpg 1607w, https:\/\/maxweiler.at\/wp-content\/uploads\/2019\/02\/20.12_1983_garten-Eden-300x224.jpg 300w, https:\/\/maxweiler.at\/wp-content\/uploads\/2019\/02\/20.12_1983_garten-Eden-768x573.jpg 768w, https:\/\/maxweiler.at\/wp-content\/uploads\/2019\/02\/20.12_1983_garten-Eden-1024x765.jpg 1024w\" sizes=\"auto, (max-width: 767px) 99vw, (max-width: 1000px) 99vw, (max-width: 1071px) 99vw\" \/><figcaption><strong>Garten Eden, 1983<br><\/strong>Eitempera auf Leinwand <br>120 x 160 cm<br><br><\/figcaption><\/figure><\/div>\n\n\n\n<figure class=\"wp-block-image\"><img loading=\"lazy\" decoding=\"async\" width=\"1900\" height=\"924\" src=\"https:\/\/maxweiler.at\/wp-content\/uploads\/2019\/02\/20.16_1986_Euphorischer-H\u00fcgel.jpg\" alt=\"\" class=\"wp-image-1287\" srcset=\"https:\/\/maxweiler.at\/wp-content\/uploads\/2019\/02\/20.16_1986_Euphorischer-H\u00fcgel.jpg 1900w, https:\/\/maxweiler.at\/wp-content\/uploads\/2019\/02\/20.16_1986_Euphorischer-H\u00fcgel-300x146.jpg 300w, https:\/\/maxweiler.at\/wp-content\/uploads\/2019\/02\/20.16_1986_Euphorischer-H\u00fcgel-768x373.jpg 768w, https:\/\/maxweiler.at\/wp-content\/uploads\/2019\/02\/20.16_1986_Euphorischer-H\u00fcgel-1024x498.jpg 1024w\" sizes=\"auto, (max-width: 767px) 99vw, (max-width: 1000px) 99vw, (max-width: 1071px) 99vw\" \/><figcaption><strong>Euphorischer H\u00fcgel, 1986<br><\/strong>Eitempera auf Leinwand <br>95 x 195 cm<br><br><\/figcaption><\/figure>\n\n\n\n<div class=\"wp-block-image\"><figure class=\"aligncenter\"><img loading=\"lazy\" decoding=\"async\" width=\"918\" height=\"700\" src=\"https:\/\/maxweiler.at\/wp-content\/uploads\/2019\/02\/20.18_1987003.jpg\" alt=\"\" class=\"wp-image-1289\" srcset=\"https:\/\/maxweiler.at\/wp-content\/uploads\/2019\/02\/20.18_1987003.jpg 918w, https:\/\/maxweiler.at\/wp-content\/uploads\/2019\/02\/20.18_1987003-300x229.jpg 300w, https:\/\/maxweiler.at\/wp-content\/uploads\/2019\/02\/20.18_1987003-768x586.jpg 768w\" sizes=\"auto, (max-width: 767px) 99vw, (max-width: 1000px) 99vw, (max-width: 1071px) 99vw\" \/><figcaption><strong>Kobaltblaue Blume, 1987<br><\/strong>Eitempera auf Leinwand <br>30 x 40 cm<br><br><\/figcaption><\/figure><\/div>\n\n\n\n<div class=\"wp-block-image\"><figure class=\"aligncenter\"><img loading=\"lazy\" decoding=\"async\" width=\"651\" height=\"1200\" src=\"https:\/\/maxweiler.at\/wp-content\/uploads\/2019\/02\/20.23_86-Ostern.jpg\" alt=\"\" class=\"wp-image-1290\" srcset=\"https:\/\/maxweiler.at\/wp-content\/uploads\/2019\/02\/20.23_86-Ostern.jpg 651w, https:\/\/maxweiler.at\/wp-content\/uploads\/2019\/02\/20.23_86-Ostern-163x300.jpg 163w, https:\/\/maxweiler.at\/wp-content\/uploads\/2019\/02\/20.23_86-Ostern-556x1024.jpg 556w\" sizes=\"auto, (max-width: 651px) 100vw, 651px\" \/><figcaption><strong>Ostern, 1986<br><\/strong>Eitempera auf Leinwand <br>200 x 110 cm<br><br><\/figcaption><\/figure><\/div>\n\n\n\n<div class=\"wp-block-image\"><figure class=\"aligncenter\"><img loading=\"lazy\" decoding=\"async\" width=\"592\" height=\"1200\" src=\"https:\/\/maxweiler.at\/wp-content\/uploads\/2019\/02\/H01-86-Blauer-Vogel-22Pfingsten22.jpg\" alt=\"\" class=\"wp-image-1309\" srcset=\"https:\/\/maxweiler.at\/wp-content\/uploads\/2019\/02\/H01-86-Blauer-Vogel-22Pfingsten22.jpg 592w, https:\/\/maxweiler.at\/wp-content\/uploads\/2019\/02\/H01-86-Blauer-Vogel-22Pfingsten22-148x300.jpg 148w, https:\/\/maxweiler.at\/wp-content\/uploads\/2019\/02\/H01-86-Blauer-Vogel-22Pfingsten22-505x1024.jpg 505w\" sizes=\"auto, (max-width: 592px) 100vw, 592px\" \/><figcaption><strong>Blauer Vogel. Pfingsten, 1986<br><\/strong>Eitempera auf Leinwand <br>195 x 95 cm<br><br><\/figcaption><\/figure><\/div>\n\n\n\n<figure class=\"wp-block-image alignfull\"><img loading=\"lazy\" decoding=\"async\" width=\"1181\" height=\"1200\" src=\"https:\/\/maxweiler.at\/wp-content\/uploads\/2019\/02\/20.25_1987_GuterGarten.jpg\" alt=\"\" class=\"wp-image-1293\" srcset=\"https:\/\/maxweiler.at\/wp-content\/uploads\/2019\/02\/20.25_1987_GuterGarten.jpg 1181w, https:\/\/maxweiler.at\/wp-content\/uploads\/2019\/02\/20.25_1987_GuterGarten-295x300.jpg 295w, https:\/\/maxweiler.at\/wp-content\/uploads\/2019\/02\/20.25_1987_GuterGarten-768x780.jpg 768w, https:\/\/maxweiler.at\/wp-content\/uploads\/2019\/02\/20.25_1987_GuterGarten-1008x1024.jpg 1008w\" sizes=\"auto, (max-width: 767px) 99vw, (max-width: 1000px) 99vw, (max-width: 1071px) 99vw\" \/><figcaption><strong>Guter Garten, 1987<br><\/strong>Eitempera auf Leinwand <br>200 x 200 cm<br><br><\/figcaption><\/figure>\n\n\n\n<figure class=\"wp-block-image alignfull\"><img loading=\"lazy\" decoding=\"async\" width=\"1900\" height=\"995\" src=\"https:\/\/maxweiler.at\/wp-content\/uploads\/2019\/02\/20.27_1987_Prunk-der-Natur.jpg\" alt=\"\" class=\"wp-image-1294\" srcset=\"https:\/\/maxweiler.at\/wp-content\/uploads\/2019\/02\/20.27_1987_Prunk-der-Natur.jpg 1900w, https:\/\/maxweiler.at\/wp-content\/uploads\/2019\/02\/20.27_1987_Prunk-der-Natur-300x157.jpg 300w, https:\/\/maxweiler.at\/wp-content\/uploads\/2019\/02\/20.27_1987_Prunk-der-Natur-768x402.jpg 768w, https:\/\/maxweiler.at\/wp-content\/uploads\/2019\/02\/20.27_1987_Prunk-der-Natur-1024x536.jpg 1024w\" sizes=\"auto, (max-width: 767px) 99vw, (max-width: 1000px) 99vw, (max-width: 1071px) 99vw\" \/><figcaption><strong>Prunk der Natur, 1987<br><\/strong>Eitempera auf Leinwand <br>210 x 400 cm<br><br><\/figcaption><\/figure>\n\n\n\n<figure class=\"wp-block-image alignfull\"><img loading=\"lazy\" decoding=\"async\" width=\"1198\" height=\"1200\" src=\"https:\/\/maxweiler.at\/wp-content\/uploads\/2019\/02\/20.58_1987008.jpg\" alt=\"\" class=\"wp-image-1301\" srcset=\"https:\/\/maxweiler.at\/wp-content\/uploads\/2019\/02\/20.58_1987008.jpg 1198w, https:\/\/maxweiler.at\/wp-content\/uploads\/2019\/02\/20.58_1987008-150x150.jpg 150w, https:\/\/maxweiler.at\/wp-content\/uploads\/2019\/02\/20.58_1987008-300x300.jpg 300w, https:\/\/maxweiler.at\/wp-content\/uploads\/2019\/02\/20.58_1987008-768x769.jpg 768w, https:\/\/maxweiler.at\/wp-content\/uploads\/2019\/02\/20.58_1987008-1022x1024.jpg 1022w, https:\/\/maxweiler.at\/wp-content\/uploads\/2019\/02\/20.58_1987008-100x100.jpg 100w\" sizes=\"auto, (max-width: 767px) 99vw, (max-width: 1000px) 99vw, (max-width: 1071px) 99vw\" \/><figcaption><strong>Macht des Rot, 1987<br><\/strong>Eitempera auf Leinwand <br>400 x 400 cm <br>Land Tirol Landessammlung<br><br><\/figcaption><\/figure>\n\n\n\n<figure class=\"wp-block-image alignfull\"><img loading=\"lazy\" decoding=\"async\" width=\"1024\" height=\"685\" src=\"https:\/\/maxweiler.at\/wp-content\/uploads\/2019\/02\/20.29_\u00b487-Oktober-1024x685.jpg\" alt=\"\" class=\"wp-image-1295\" srcset=\"https:\/\/maxweiler.at\/wp-content\/uploads\/2019\/02\/20.29_\u00b487-Oktober-1024x685.jpg 1024w, https:\/\/maxweiler.at\/wp-content\/uploads\/2019\/02\/20.29_\u00b487-Oktober-300x201.jpg 300w, https:\/\/maxweiler.at\/wp-content\/uploads\/2019\/02\/20.29_\u00b487-Oktober-768x513.jpg 768w, https:\/\/maxweiler.at\/wp-content\/uploads\/2019\/02\/20.29_\u00b487-Oktober.jpg 1795w\" sizes=\"auto, (max-width: 767px) 99vw, (max-width: 1000px) 99vw, (max-width: 1071px) 99vw\" \/><figcaption><strong>Oktober, 1987<br><\/strong>Eitempera auf Leinwand <br>230 x 345 cm<br><br><\/figcaption><\/figure>\n\n\n\n<figure class=\"wp-block-image\"><img loading=\"lazy\" decoding=\"async\" width=\"1024\" height=\"822\" src=\"https:\/\/maxweiler.at\/wp-content\/uploads\/2019\/03\/1987_PortraitDr.Batliner-1024x822.jpg\" alt=\"\" class=\"wp-image-1387\" srcset=\"https:\/\/maxweiler.at\/wp-content\/uploads\/2019\/03\/1987_PortraitDr.Batliner-1024x822.jpg 1024w, https:\/\/maxweiler.at\/wp-content\/uploads\/2019\/03\/1987_PortraitDr.Batliner-300x241.jpg 300w, https:\/\/maxweiler.at\/wp-content\/uploads\/2019\/03\/1987_PortraitDr.Batliner-768x616.jpg 768w, https:\/\/maxweiler.at\/wp-content\/uploads\/2019\/03\/1987_PortraitDr.Batliner.jpg 1495w\" sizes=\"auto, (max-width: 767px) 99vw, (max-width: 1000px) 99vw, (max-width: 1071px) 99vw\" \/><figcaption><strong>Portr\u00e4t Herbert Batliner als Ehrensenator der Universit\u00e4t Innsbruck, 1987<br><\/strong>Eitempera auf Leinwand <br>120 x 160 cm <br>Albertina, Wien &#8211; Sammlung Batliner<br><br><\/figcaption><\/figure>\n\n\n\n<div class=\"wp-block-image\"><figure class=\"aligncenter\"><img loading=\"lazy\" decoding=\"async\" width=\"1196\" height=\"1200\" src=\"https:\/\/maxweiler.at\/wp-content\/uploads\/2019\/02\/20.42_1989_ImInnerendesWaldes.jpg\" alt=\"\" class=\"wp-image-1296\" srcset=\"https:\/\/maxweiler.at\/wp-content\/uploads\/2019\/02\/20.42_1989_ImInnerendesWaldes.jpg 1196w, https:\/\/maxweiler.at\/wp-content\/uploads\/2019\/02\/20.42_1989_ImInnerendesWaldes-150x150.jpg 150w, https:\/\/maxweiler.at\/wp-content\/uploads\/2019\/02\/20.42_1989_ImInnerendesWaldes-300x300.jpg 300w, https:\/\/maxweiler.at\/wp-content\/uploads\/2019\/02\/20.42_1989_ImInnerendesWaldes-768x771.jpg 768w, https:\/\/maxweiler.at\/wp-content\/uploads\/2019\/02\/20.42_1989_ImInnerendesWaldes-1021x1024.jpg 1021w, https:\/\/maxweiler.at\/wp-content\/uploads\/2019\/02\/20.42_1989_ImInnerendesWaldes-100x100.jpg 100w\" sizes=\"auto, (max-width: 767px) 99vw, (max-width: 1000px) 99vw, (max-width: 1071px) 99vw\" \/><figcaption><strong>Im Innern des Waldes, 1989<br><\/strong>Eitempera auf Leinwand <br>130 x 130 cm<br><br><\/figcaption><\/figure><\/div>\n\n\n\n<div class=\"wp-block-image\"><figure class=\"aligncenter\"><img loading=\"lazy\" decoding=\"async\" width=\"1206\" height=\"1200\" src=\"https:\/\/maxweiler.at\/wp-content\/uploads\/2019\/02\/20.52_1989_blaueLandsgelberH.jpg\" alt=\"\" class=\"wp-image-1297\" srcset=\"https:\/\/maxweiler.at\/wp-content\/uploads\/2019\/02\/20.52_1989_blaueLandsgelberH.jpg 1206w, https:\/\/maxweiler.at\/wp-content\/uploads\/2019\/02\/20.52_1989_blaueLandsgelberH-150x150.jpg 150w, https:\/\/maxweiler.at\/wp-content\/uploads\/2019\/02\/20.52_1989_blaueLandsgelberH-300x300.jpg 300w, https:\/\/maxweiler.at\/wp-content\/uploads\/2019\/02\/20.52_1989_blaueLandsgelberH-768x764.jpg 768w, https:\/\/maxweiler.at\/wp-content\/uploads\/2019\/02\/20.52_1989_blaueLandsgelberH-1024x1019.jpg 1024w, https:\/\/maxweiler.at\/wp-content\/uploads\/2019\/02\/20.52_1989_blaueLandsgelberH-100x100.jpg 100w\" sizes=\"auto, (max-width: 767px) 99vw, (max-width: 1000px) 99vw, (max-width: 1071px) 99vw\" \/><figcaption><strong>Blaue Landschaft unter gelbem Himmel, 1989<br><\/strong>Eitempera auf Leinwand <br>130 x 130 cm<br><br><\/figcaption><\/figure><\/div>\n\n\n\n<div class=\"wp-block-image\"><figure class=\"aligncenter\"><img loading=\"lazy\" decoding=\"async\" width=\"599\" height=\"1200\" src=\"https:\/\/maxweiler.at\/wp-content\/uploads\/2019\/02\/20.47_H15-88-Blauer-Baum.jpg\" alt=\"\" class=\"wp-image-1298\" srcset=\"https:\/\/maxweiler.at\/wp-content\/uploads\/2019\/02\/20.47_H15-88-Blauer-Baum.jpg 599w, https:\/\/maxweiler.at\/wp-content\/uploads\/2019\/02\/20.47_H15-88-Blauer-Baum-150x300.jpg 150w, https:\/\/maxweiler.at\/wp-content\/uploads\/2019\/02\/20.47_H15-88-Blauer-Baum-511x1024.jpg 511w\" sizes=\"auto, (max-width: 599px) 100vw, 599px\" \/><figcaption><strong>Blauer Baum, 1988<br><\/strong>Eitempera auf Leinwand <br>230 x 115 cm<br><br><\/figcaption><\/figure><\/div>\n\n\n\n<figure class=\"wp-block-image\"><img loading=\"lazy\" decoding=\"async\" width=\"1198\" height=\"1200\" src=\"https:\/\/maxweiler.at\/wp-content\/uploads\/2019\/02\/1988_Goldener_Baum.jpg\" alt=\"\" class=\"wp-image-1299\" srcset=\"https:\/\/maxweiler.at\/wp-content\/uploads\/2019\/02\/1988_Goldener_Baum.jpg 1198w, https:\/\/maxweiler.at\/wp-content\/uploads\/2019\/02\/1988_Goldener_Baum-150x150.jpg 150w, https:\/\/maxweiler.at\/wp-content\/uploads\/2019\/02\/1988_Goldener_Baum-300x300.jpg 300w, https:\/\/maxweiler.at\/wp-content\/uploads\/2019\/02\/1988_Goldener_Baum-768x769.jpg 768w, https:\/\/maxweiler.at\/wp-content\/uploads\/2019\/02\/1988_Goldener_Baum-1022x1024.jpg 1022w, https:\/\/maxweiler.at\/wp-content\/uploads\/2019\/02\/1988_Goldener_Baum-100x100.jpg 100w\" sizes=\"auto, (max-width: 767px) 99vw, (max-width: 1000px) 99vw, (max-width: 1071px) 99vw\" \/><figcaption><strong>Goldener Baum, 1988<br><\/strong>Eitempera auf Leinwand <br>200 x 200 cm<br><br><\/figcaption><\/figure>\n\n\n\n<figure class=\"wp-block-image\"><img loading=\"lazy\" decoding=\"async\" width=\"1900\" height=\"942\" src=\"https:\/\/maxweiler.at\/wp-content\/uploads\/2019\/02\/20.50_\u00b490-Ultramaringr\u00fcn.jpg\" alt=\"\" class=\"wp-image-1300\" srcset=\"https:\/\/maxweiler.at\/wp-content\/uploads\/2019\/02\/20.50_\u00b490-Ultramaringr\u00fcn.jpg 1900w, https:\/\/maxweiler.at\/wp-content\/uploads\/2019\/02\/20.50_\u00b490-Ultramaringr\u00fcn-300x149.jpg 300w, https:\/\/maxweiler.at\/wp-content\/uploads\/2019\/02\/20.50_\u00b490-Ultramaringr\u00fcn-768x381.jpg 768w, https:\/\/maxweiler.at\/wp-content\/uploads\/2019\/02\/20.50_\u00b490-Ultramaringr\u00fcn-1024x508.jpg 1024w\" sizes=\"auto, (max-width: 767px) 99vw, (max-width: 1000px) 99vw, (max-width: 1071px) 99vw\" \/><figcaption><strong>Ultramarin-gr\u00fcn, 1990<br><\/strong>Eitempera auf Leinwand <br>100 x 200 cm<br><br><\/figcaption><\/figure>\n","protected":false},"excerpt":{"rendered":"<p>Was ein &#8220;Sp\u00e4twerk&#8221; auszeichnet, gilt als h\u00f6chst umstritten. Beginnen wir deshalb mit dem Naheliegenden, der zur\u00fcckgelegten Strecke, den geschaffenen Werken. Weiler hatte zu Beginn der achtziger Jahre, nach der Phase der &#8220;Neuen Landschaften&#8221; l\u00e4nger als f\u00fcnfzig Jahre gemalt. Entstanden waren etwa 1500 Gem\u00e4lde, zu Beginn in \u00d6l, nach 1960 stets in Eitempera. Dazu kamen gegen &hellip; <\/p>\n<p class=\"link-more\"><a href=\"https:\/\/maxweiler.at\/index.php\/das-spaetwerk-1980-2000\/\" class=\"more-link\">Continue reading<span class=\"screen-reader-text\"> &#8220;Das Sp\u00e4twerk, 1980-2000&#8221;<\/span><\/a><\/p>\n","protected":false},"author":1,"featured_media":0,"parent":0,"menu_order":0,"comment_status":"closed","ping_status":"closed","template":"","meta":{"footnotes":""},"class_list":["post-1282","page","type-page","status-publish","hentry"],"_links":{"self":[{"href":"https:\/\/maxweiler.at\/index.php\/wp-json\/wp\/v2\/pages\/1282","targetHints":{"allow":["GET"]}}],"collection":[{"href":"https:\/\/maxweiler.at\/index.php\/wp-json\/wp\/v2\/pages"}],"about":[{"href":"https:\/\/maxweiler.at\/index.php\/wp-json\/wp\/v2\/types\/page"}],"author":[{"embeddable":true,"href":"https:\/\/maxweiler.at\/index.php\/wp-json\/wp\/v2\/users\/1"}],"replies":[{"embeddable":true,"href":"https:\/\/maxweiler.at\/index.php\/wp-json\/wp\/v2\/comments?post=1282"}],"version-history":[{"count":11,"href":"https:\/\/maxweiler.at\/index.php\/wp-json\/wp\/v2\/pages\/1282\/revisions"}],"predecessor-version":[{"id":1533,"href":"https:\/\/maxweiler.at\/index.php\/wp-json\/wp\/v2\/pages\/1282\/revisions\/1533"}],"wp:attachment":[{"href":"https:\/\/maxweiler.at\/index.php\/wp-json\/wp\/v2\/media?parent=1282"}],"curies":[{"name":"wp","href":"https:\/\/api.w.org\/{rel}","templated":true}]}}