{"id":1233,"date":"2019-02-23T16:51:28","date_gmt":"2019-02-23T16:51:28","guid":{"rendered":"http:\/\/maxweiler.at\/?page_id=1233"},"modified":"2022-01-07T08:55:01","modified_gmt":"2022-01-07T08:55:01","slug":"landschaften-auf-toenenden-gruenden-1969-72","status":"publish","type":"page","link":"https:\/\/maxweiler.at\/index.php\/landschaften-auf-toenenden-gruenden-1969-72\/","title":{"rendered":"Landschaften auf t\u00f6nenden Gr\u00fcnden, 1969-72"},"content":{"rendered":"\n<p>Der Klimawechsel im \u00dcbergang zu den &#8220;Landschaften auf t\u00f6nenden Gr\u00fcnden&#8221; k\u00f6nnte deutlicher nicht sein. Das Licht hat gewechselt, die Atmosph\u00e4re, die Temperatur. Es sind tropische, fast bengalische Breitengrade, die vom Klang der Farbe evoziert werden. Um in der geographischen Metapher zu bleiben: Wir betreten hier die Welt der Antipoden, jene Gegenwelt auf der anderen Seite des Globus.<\/p>\n\n\n\n<p>Denn um eine k\u00fcnstliche Gegenwelt handelt es sich auch hier. Die \u00fcbliche optische Ordnung des Bildes erscheint wie umgekehrt. Wir sind gewohnt bei der Betrachtung von Malerei den Grund als einen Begleitumstand zu nehmen mit geringerer Wichtigkeit. Aufmerksamkeit erregen die Dinge, das was sich vor ihm, dem hellen und unaufdringlichen Begleiter, in der dargestellten K\u00f6rperwelt manifestiert. Weiler hat selbst mit der Werkgruppe &#8220;Wie eine Landschaft&#8221; und den darauffolgenden &#8220;Neuen Landschaften&#8221; (nach 1974) die optischen Gewichte derart verteilt, dieser Logik gehuldigt. F\u00fcr einmal aber kehrt er jene Bildordnung um.<\/p>\n\n\n\n<p>Der Grund ist jetzt ungewohnt energiereich, oft auch dunkler. Wie sehr wir es mit einer Umkehrung der Farbordnung zu tun haben, wird klar, wenn wir uns der Nachtbilder zum Beispiel von Elsheimer, Le Nain oder Rembrandt erinnern. Hier geht es um die Subtraktion des Sichtbaren durch die Lichtlosigkeit, so dass schon der Schein einer Kerze gen\u00fcgt, den Blick auf wenige erkennbare Sachverhalte zu lenken. Weiler dagegen multipliziert das Dargestellte durch die Energie der Grundfarbe, die allein dem ganzen Gem\u00e4lde eine starke Schwingung mitteilt.<\/p>\n\n\n\n<p>Die Rede von den &#8220;t\u00f6nenden Gr\u00fcnden&#8221; schlie\u00dft eine erw\u00fcnschte Doppeldeutigkeit ein. Denn &#8220;Ton&#8221; hat etwas mit der Farbe, aber auch mit der Musik zu tun. Die starken Kl\u00e4nge und Schwingungen dieser Bilder sprechen auf besondere Weise den inneren Sinn an. Entsprechend werden sie als besonders &#8220;k\u00fcnstlich&#8221; bewertet, weniger auf die \u00e4u\u00dfere Wirklichkeit, mehr auf das Gef\u00fchl bezogen. Gleichwohl: auch die &#8220;Landschaften auf t\u00f6nenden Gr\u00fcnden&#8221; sind Landschaften, d.h. sie handeln von der Natur. Weiler legt auch dann, wenn er der Farbe eine allerh\u00f6chste und affektive Steigerung mitgibt, Wert darauf, dass er &#8220;Gesehenes&#8221; darstellt. So betrachtet hat er sich von einer Malerei der Introspektion, einer surrealistischen Seelenschau zum Beispiel, ferngehalten.&nbsp;&#8220;Diese Machart ist nicht angekr\u00e4nkelt von Traum und Laune. Diese ist au\u00dfer mir gefunden und mit M\u00fche gearbeitet, sachlich komponiert, in passende Farbe gegeben, rechtzeitig aufgeh\u00f6rt und hat sogar den Zusammenhang mit meinen Wesen vergessen. Hat das Bild noch einen Faden zum Traum? Ich wei\u00df es nicht mehr &#8230;&#8221;&nbsp;(1970).<br><br><br><\/p>\n\n\n\n<div class=\"wp-block-image\"><figure class=\"aligncenter\"><img loading=\"lazy\" decoding=\"async\" width=\"804\" height=\"1200\" src=\"https:\/\/maxweiler.at\/wp-content\/uploads\/2019\/02\/mw676.jpg\" alt=\"\" class=\"wp-image-1234\" srcset=\"https:\/\/maxweiler.at\/wp-content\/uploads\/2019\/02\/mw676.jpg 804w, https:\/\/maxweiler.at\/wp-content\/uploads\/2019\/02\/mw676-201x300.jpg 201w, https:\/\/maxweiler.at\/wp-content\/uploads\/2019\/02\/mw676-768x1146.jpg 768w, https:\/\/maxweiler.at\/wp-content\/uploads\/2019\/02\/mw676-686x1024.jpg 686w\" sizes=\"auto, (max-width: 767px) 99vw, (max-width: 1000px) 99vw, (max-width: 1071px) 99vw\" \/><figcaption><strong>Landschaft auf Ocker, 1969<br><\/strong>Eitempera auf Leinwand <br>200 x 135 cm <br>Neue Galerie am Landesmuseum Joanneum, Graz<\/figcaption><\/figure><\/div>\n\n\n\n<figure class=\"wp-block-image alignfull\"><img loading=\"lazy\" decoding=\"async\" width=\"1787\" height=\"1200\" src=\"https:\/\/maxweiler.at\/wp-content\/uploads\/2019\/02\/mw679.jpg\" alt=\"\" class=\"wp-image-1235\" srcset=\"https:\/\/maxweiler.at\/wp-content\/uploads\/2019\/02\/mw679.jpg 1787w, https:\/\/maxweiler.at\/wp-content\/uploads\/2019\/02\/mw679-300x201.jpg 300w, https:\/\/maxweiler.at\/wp-content\/uploads\/2019\/02\/mw679-768x516.jpg 768w, https:\/\/maxweiler.at\/wp-content\/uploads\/2019\/02\/mw679-1024x688.jpg 1024w\" sizes=\"auto, (max-width: 767px) 99vw, (max-width: 1000px) 99vw, (max-width: 1071px) 99vw\" \/><figcaption><strong>Andockman\u00f6ver, 1969<br><\/strong>Eitempera auf Leinwand <br>135 x 200 cm<br><br><\/figcaption><\/figure>\n\n\n\n<div class=\"wp-block-image\"><figure class=\"aligncenter\"><img loading=\"lazy\" decoding=\"async\" width=\"1076\" height=\"1200\" src=\"https:\/\/maxweiler.at\/wp-content\/uploads\/2019\/02\/mw678.jpg\" alt=\"\" class=\"wp-image-1236\" srcset=\"https:\/\/maxweiler.at\/wp-content\/uploads\/2019\/02\/mw678.jpg 1076w, https:\/\/maxweiler.at\/wp-content\/uploads\/2019\/02\/mw678-269x300.jpg 269w, https:\/\/maxweiler.at\/wp-content\/uploads\/2019\/02\/mw678-768x857.jpg 768w, https:\/\/maxweiler.at\/wp-content\/uploads\/2019\/02\/mw678-918x1024.jpg 918w\" sizes=\"auto, (max-width: 767px) 99vw, (max-width: 1000px) 99vw, (max-width: 1071px) 99vw\" \/><figcaption><strong>Landschaft am Mond, 1969<br><\/strong>Eitempera auf Leinwand <br>150 x 135 cm <br>Museum Moderner Kunst Stiftung Ludwig Wien<br><br><\/figcaption><\/figure><\/div>\n\n\n\n<figure class=\"wp-block-image alignfull\"><img loading=\"lazy\" decoding=\"async\" width=\"1164\" height=\"1200\" src=\"https:\/\/maxweiler.at\/wp-content\/uploads\/2019\/02\/mw689.jpg\" alt=\"\" class=\"wp-image-1238\" srcset=\"https:\/\/maxweiler.at\/wp-content\/uploads\/2019\/02\/mw689.jpg 1164w, https:\/\/maxweiler.at\/wp-content\/uploads\/2019\/02\/mw689-291x300.jpg 291w, https:\/\/maxweiler.at\/wp-content\/uploads\/2019\/02\/mw689-768x792.jpg 768w, https:\/\/maxweiler.at\/wp-content\/uploads\/2019\/02\/mw689-993x1024.jpg 993w\" sizes=\"auto, (max-width: 767px) 99vw, (max-width: 1000px) 99vw, (max-width: 1071px) 99vw\" \/><figcaption><strong>Roter Baum, 1970<br><\/strong>Eitempera auf Leinwand <br>200 x 195 cm <br>Sammlung der Landeshauptstadt Bregenz<br><br><\/figcaption><\/figure>\n\n\n\n<div class=\"wp-block-image\"><figure class=\"aligncenter\"><img loading=\"lazy\" decoding=\"async\" width=\"587\" height=\"1200\" src=\"https:\/\/maxweiler.at\/wp-content\/uploads\/2019\/02\/mw692.jpg\" alt=\"\" class=\"wp-image-1240\" srcset=\"https:\/\/maxweiler.at\/wp-content\/uploads\/2019\/02\/mw692.jpg 587w, https:\/\/maxweiler.at\/wp-content\/uploads\/2019\/02\/mw692-147x300.jpg 147w, https:\/\/maxweiler.at\/wp-content\/uploads\/2019\/02\/mw692-501x1024.jpg 501w\" sizes=\"auto, (max-width: 587px) 100vw, 587px\" \/><figcaption><strong>Bald geht die Sonne auf, 1970<br><\/strong>Eitempera auf Leinwand <br>195 x 95 cm<br><br><\/figcaption><\/figure><\/div>\n\n\n\n<div class=\"wp-block-image\"><figure class=\"aligncenter\"><img loading=\"lazy\" decoding=\"async\" width=\"1259\" height=\"1200\" src=\"https:\/\/maxweiler.at\/wp-content\/uploads\/2019\/02\/mw696.jpg\" alt=\"\" class=\"wp-image-1242\" srcset=\"https:\/\/maxweiler.at\/wp-content\/uploads\/2019\/02\/mw696.jpg 1259w, https:\/\/maxweiler.at\/wp-content\/uploads\/2019\/02\/mw696-300x286.jpg 300w, https:\/\/maxweiler.at\/wp-content\/uploads\/2019\/02\/mw696-768x732.jpg 768w, https:\/\/maxweiler.at\/wp-content\/uploads\/2019\/02\/mw696-1024x976.jpg 1024w\" sizes=\"auto, (max-width: 767px) 99vw, (max-width: 1000px) 99vw, (max-width: 1071px) 99vw\" \/><figcaption><strong>Roter Berg, 1970<br><\/strong>Eitempera auf Leinwand <br>99 x 104 cm<br><br><\/figcaption><\/figure><\/div>\n\n\n\n<figure class=\"wp-block-image alignfull\"><img loading=\"lazy\" decoding=\"async\" width=\"1700\" height=\"977\" src=\"https:\/\/maxweiler.at\/wp-content\/uploads\/2019\/02\/mw707.jpg\" alt=\"\" class=\"wp-image-1243\" srcset=\"https:\/\/maxweiler.at\/wp-content\/uploads\/2019\/02\/mw707.jpg 1700w, https:\/\/maxweiler.at\/wp-content\/uploads\/2019\/02\/mw707-300x172.jpg 300w, https:\/\/maxweiler.at\/wp-content\/uploads\/2019\/02\/mw707-768x441.jpg 768w, https:\/\/maxweiler.at\/wp-content\/uploads\/2019\/02\/mw707-1024x588.jpg 1024w\" sizes=\"auto, (max-width: 767px) 99vw, (max-width: 1000px) 99vw, (max-width: 1071px) 99vw\" \/><figcaption><strong>Landschaft am Abend, 1971<br><\/strong>Eitempera auf Leinwand <br>85,3 x 146 cm<br><br><\/figcaption><\/figure>\n\n\n\n<div class=\"wp-block-image\"><figure class=\"aligncenter\"><img loading=\"lazy\" decoding=\"async\" width=\"1203\" height=\"1200\" src=\"https:\/\/maxweiler.at\/wp-content\/uploads\/2019\/02\/mw742.jpg\" alt=\"\" class=\"wp-image-1245\" srcset=\"https:\/\/maxweiler.at\/wp-content\/uploads\/2019\/02\/mw742.jpg 1203w, https:\/\/maxweiler.at\/wp-content\/uploads\/2019\/02\/mw742-150x150.jpg 150w, https:\/\/maxweiler.at\/wp-content\/uploads\/2019\/02\/mw742-300x300.jpg 300w, https:\/\/maxweiler.at\/wp-content\/uploads\/2019\/02\/mw742-768x766.jpg 768w, https:\/\/maxweiler.at\/wp-content\/uploads\/2019\/02\/mw742-1024x1021.jpg 1024w, https:\/\/maxweiler.at\/wp-content\/uploads\/2019\/02\/mw742-100x100.jpg 100w\" sizes=\"auto, (max-width: 767px) 99vw, (max-width: 1000px) 99vw, (max-width: 1071px) 99vw\" \/><figcaption><strong>Luft der Fr\u00fche, 1972<br><\/strong>Eitempera auf Leinwand <br>100 x 100 cm<br><br><\/figcaption><\/figure><\/div>\n\n\n\n<figure class=\"wp-block-image alignfull\"><img loading=\"lazy\" decoding=\"async\" width=\"1227\" height=\"1200\" src=\"https:\/\/maxweiler.at\/wp-content\/uploads\/2019\/02\/mw722.jpg\" alt=\"\" class=\"wp-image-1246\" srcset=\"https:\/\/maxweiler.at\/wp-content\/uploads\/2019\/02\/mw722.jpg 1227w, https:\/\/maxweiler.at\/wp-content\/uploads\/2019\/02\/mw722-300x293.jpg 300w, https:\/\/maxweiler.at\/wp-content\/uploads\/2019\/02\/mw722-768x751.jpg 768w, https:\/\/maxweiler.at\/wp-content\/uploads\/2019\/02\/mw722-1024x1001.jpg 1024w\" sizes=\"auto, (max-width: 767px) 99vw, (max-width: 1000px) 99vw, (max-width: 1071px) 99vw\" \/><figcaption><strong>Baum, 1972<br><\/strong>Eitempera auf Leinwand <br>200 x 205 cm<br><br><\/figcaption><\/figure>\n\n\n\n<figure class=\"wp-block-image alignfull\"><img loading=\"lazy\" decoding=\"async\" width=\"1383\" height=\"1200\" src=\"https:\/\/maxweiler.at\/wp-content\/uploads\/2019\/02\/mw772.jpg\" alt=\"\" class=\"wp-image-1247\" srcset=\"https:\/\/maxweiler.at\/wp-content\/uploads\/2019\/02\/mw772.jpg 1383w, https:\/\/maxweiler.at\/wp-content\/uploads\/2019\/02\/mw772-300x260.jpg 300w, https:\/\/maxweiler.at\/wp-content\/uploads\/2019\/02\/mw772-768x666.jpg 768w, https:\/\/maxweiler.at\/wp-content\/uploads\/2019\/02\/mw772-1024x889.jpg 1024w\" sizes=\"auto, (max-width: 767px) 99vw, (max-width: 1000px) 99vw, (max-width: 1071px) 99vw\" \/><figcaption><strong>Morgendliche Gegend, 1973<br><\/strong>Eitempera auf Leinwand <br>200 x 200 cm<br><br><\/figcaption><\/figure>\n\n\n\n<figure class=\"wp-block-image alignfull\"><img loading=\"lazy\" decoding=\"async\" width=\"1675\" height=\"1200\" src=\"https:\/\/maxweiler.at\/wp-content\/uploads\/2019\/02\/mw776.jpg\" alt=\"\" class=\"wp-image-1249\" srcset=\"https:\/\/maxweiler.at\/wp-content\/uploads\/2019\/02\/mw776.jpg 1675w, https:\/\/maxweiler.at\/wp-content\/uploads\/2019\/02\/mw776-300x215.jpg 300w, https:\/\/maxweiler.at\/wp-content\/uploads\/2019\/02\/mw776-768x550.jpg 768w, https:\/\/maxweiler.at\/wp-content\/uploads\/2019\/02\/mw776-1024x734.jpg 1024w\" sizes=\"auto, (max-width: 767px) 99vw, (max-width: 1000px) 99vw, (max-width: 1071px) 99vw\" \/><figcaption><strong>Mit gelben H\u00fcgeln und Purpurhimmel, 1973<br><\/strong>Eitempera auf Leinwand <br>115 x 160 cm<br><br><\/figcaption><\/figure>\n","protected":false},"excerpt":{"rendered":"<p>Der Klimawechsel im \u00dcbergang zu den &#8220;Landschaften auf t\u00f6nenden Gr\u00fcnden&#8221; k\u00f6nnte deutlicher nicht sein. Das Licht hat gewechselt, die Atmosph\u00e4re, die Temperatur. Es sind tropische, fast bengalische Breitengrade, die vom Klang der Farbe evoziert werden. Um in der geographischen Metapher zu bleiben: Wir betreten hier die Welt der Antipoden, jene Gegenwelt auf der anderen Seite &hellip; <\/p>\n<p class=\"link-more\"><a href=\"https:\/\/maxweiler.at\/index.php\/landschaften-auf-toenenden-gruenden-1969-72\/\" class=\"more-link\">Continue reading<span class=\"screen-reader-text\"> &#8220;Landschaften auf t\u00f6nenden Gr\u00fcnden, 1969-72&#8221;<\/span><\/a><\/p>\n","protected":false},"author":1,"featured_media":0,"parent":0,"menu_order":0,"comment_status":"closed","ping_status":"closed","template":"","meta":{"footnotes":""},"class_list":["post-1233","page","type-page","status-publish","hentry"],"_links":{"self":[{"href":"https:\/\/maxweiler.at\/index.php\/wp-json\/wp\/v2\/pages\/1233","targetHints":{"allow":["GET"]}}],"collection":[{"href":"https:\/\/maxweiler.at\/index.php\/wp-json\/wp\/v2\/pages"}],"about":[{"href":"https:\/\/maxweiler.at\/index.php\/wp-json\/wp\/v2\/types\/page"}],"author":[{"embeddable":true,"href":"https:\/\/maxweiler.at\/index.php\/wp-json\/wp\/v2\/users\/1"}],"replies":[{"embeddable":true,"href":"https:\/\/maxweiler.at\/index.php\/wp-json\/wp\/v2\/comments?post=1233"}],"version-history":[{"count":11,"href":"https:\/\/maxweiler.at\/index.php\/wp-json\/wp\/v2\/pages\/1233\/revisions"}],"predecessor-version":[{"id":1526,"href":"https:\/\/maxweiler.at\/index.php\/wp-json\/wp\/v2\/pages\/1233\/revisions\/1526"}],"wp:attachment":[{"href":"https:\/\/maxweiler.at\/index.php\/wp-json\/wp\/v2\/media?parent=1233"}],"curies":[{"name":"wp","href":"https:\/\/api.w.org\/{rel}","templated":true}]}}