{"id":1198,"date":"2019-02-23T09:51:52","date_gmt":"2019-02-23T09:51:52","guid":{"rendered":"http:\/\/maxweiler.at\/?page_id=1198"},"modified":"2022-01-07T08:48:43","modified_gmt":"2022-01-07T08:48:43","slug":"1198-2","status":"publish","type":"page","link":"https:\/\/maxweiler.at\/index.php\/1198-2\/","title":{"rendered":"Wie eine Landschaft, 1962-66"},"content":{"rendered":"\n<p>Eine Gleichung taucht in Weilers Kunst jetzt auf. Sie lautet: &#8220;Wie eine Landschaft&#8221;, womit wohl gesagt sein soll: Das Bild ist keine Landschaft, \u00e4hnelt aber einer solchen, verh\u00e4lt sich in ihrer Art. Ein Blick auf die neuen Gem\u00e4lde zeigt, warum Weiler zu dieser Metaphorik greift. Die Sicherheit der landschaftlichen Perspektive, der er selbst noch unmittelbar nach 1945 getraut hatte, l\u00f6st sich nunmehr auf. \u00dcberhaupt ist die Benennbarkeit einzelner Dinge, ihre Greifbarkeit reduziert, ja aufgehoben. Es ist nun tats\u00e4chlich angemessen, davon zu sprechen, diese Form sehe aus wie ein Berg, jene wie eine Wolke etc. \u2013 ohne doch derartiges wirklich bezeichnen zu k\u00f6nnen. W\u00f6rtlich genommen sind die Gem\u00e4lde Ansammlungen von Farbflecken verschiedener Beschaffenheit, die der Maler lesbar gemacht hat im Hinblick auf so etwas wie Natur.&nbsp;<\/p>\n\n\n\n<p>Weiler hat selbst immer wieder betont, wie anregend und wichtig f\u00fcr ihn die Malerei der chinesischen Sung-Dynastie aus dem zehnten bis dreizehnten Jahrhundert gewesen ist. Er hatte sie erstmals durch Hinweise seines Lehrers Karl Sterrer zu Beginn der drei\u00dfiger Jahre kennengelernt, war ihrer Eigenart durch Betrachtung und Lekt\u00fcre nachgegangen. Jetzt konnten sie in seiner eigenen Arbeit fruchtbar werden: durch den Verzicht auf Perspektive, den Fluss der Landschaftselemente im hellen Bildgrund, durch die kunstvolle Regie von N\u00e4he und Ferne, eine Vogelschau, der die Natur wie ein weit ausgebreitetes, grenzenloses Panorama erscheint, \u00fcberhaupt: durch das Gef\u00fchl einer innigen Zugeh\u00f6rigkeit des Menschen zur Natur. Der Maler bringt den Betrachter nicht auf Distanz, er involviert ihn in den Prozess der Natur selbst. Waren die Bilder Weilers vom Ende der f\u00fcnfziger Jahre, eben jene, die er auf der Biennale in Venedig 1960 gezeigt hatte, ihrer Struktur nach spr\u00f6d, trocken, br\u00fcchig, so erscheinen die neuen wie mit Wasser gemalt.<\/p>\n\n\n\n<p>F\u00fcr das europ\u00e4ische Bewusstsein bedeutet diese Umdeutung der nat\u00fcrlichen Gegenstandswelt in einen Fluss eine gewaltige Umorientierung. Seit Monets Seerosenbildern aus der Zeit von 1900\u20131926 haben zahlreiche Maler an dieser Wendung der Erfahrung gearbeitet \u2013 Weiler auf seine sehr besondere Weise. Ihm besonders ist die Einsicht zu verdanken, dass die Abkehr von der Natur als Ansammlung von Gegenst\u00e4nden eine Zuwendung zu ihr als ein energetisches Gef\u00fcge bedeutet. In ihm kann dann alles &#8220;wie Landschaft&#8221; betrachtet werden. Die Natur ist noch ganz jung, die Sch\u00f6pfung liegt nicht hinter uns, sie ist gerade eben im Gange.<br><br><br><\/p>\n\n\n\n<div class=\"wp-block-image\"><figure class=\"aligncenter\"><img loading=\"lazy\" decoding=\"async\" width=\"586\" height=\"1200\" src=\"https:\/\/maxweiler.at\/wp-content\/uploads\/2019\/02\/mw473.jpg\" alt=\"\" class=\"wp-image-1200\" srcset=\"https:\/\/maxweiler.at\/wp-content\/uploads\/2019\/02\/mw473.jpg 586w, https:\/\/maxweiler.at\/wp-content\/uploads\/2019\/02\/mw473-147x300.jpg 147w, https:\/\/maxweiler.at\/wp-content\/uploads\/2019\/02\/mw473-500x1024.jpg 500w\" sizes=\"auto, (max-width: 586px) 100vw, 586px\" \/><figcaption><strong>Als alle Dinge \u2026, Variation (Malerei), 1962<br><\/strong>Eitempera auf Leinwand <br>196 x 95,5 cm<br><br><\/figcaption><\/figure><\/div>\n\n\n\n<div class=\"wp-block-image\"><figure class=\"aligncenter\"><img loading=\"lazy\" decoding=\"async\" width=\"582\" height=\"1200\" src=\"https:\/\/maxweiler.at\/wp-content\/uploads\/2019\/02\/mw498.jpg\" alt=\"\" class=\"wp-image-1201\" srcset=\"https:\/\/maxweiler.at\/wp-content\/uploads\/2019\/02\/mw498.jpg 582w, https:\/\/maxweiler.at\/wp-content\/uploads\/2019\/02\/mw498-146x300.jpg 146w, https:\/\/maxweiler.at\/wp-content\/uploads\/2019\/02\/mw498-497x1024.jpg 497w\" sizes=\"auto, (max-width: 582px) 100vw, 582px\" \/><figcaption><strong>Wie eine Landschaft, nahe: mit Rauch, 1962<br><\/strong>Eitempera auf Leinwand <br>195 x 96 cm<br><br><\/figcaption><\/figure><\/div>\n\n\n\n<div class=\"wp-block-image\"><figure class=\"aligncenter\"><img loading=\"lazy\" decoding=\"async\" width=\"575\" height=\"1200\" src=\"https:\/\/maxweiler.at\/wp-content\/uploads\/2019\/02\/mw497.jpg\" alt=\"\" class=\"wp-image-1202\" srcset=\"https:\/\/maxweiler.at\/wp-content\/uploads\/2019\/02\/mw497.jpg 575w, https:\/\/maxweiler.at\/wp-content\/uploads\/2019\/02\/mw497-144x300.jpg 144w, https:\/\/maxweiler.at\/wp-content\/uploads\/2019\/02\/mw497-491x1024.jpg 491w\" sizes=\"auto, (max-width: 575px) 100vw, 575px\" \/><figcaption><strong>Wie eine Landschaft, nahe: Wald, 1962<br><\/strong>Eitempera auf Leinwand <br>196,5 x 95,5 cm<br><br><\/figcaption><\/figure><\/div>\n\n\n\n<div class=\"wp-block-image\"><figure class=\"aligncenter\"><img loading=\"lazy\" decoding=\"async\" width=\"586\" height=\"1200\" src=\"https:\/\/maxweiler.at\/wp-content\/uploads\/2019\/02\/mw494.jpg\" alt=\"\" class=\"wp-image-1203\" srcset=\"https:\/\/maxweiler.at\/wp-content\/uploads\/2019\/02\/mw494.jpg 586w, https:\/\/maxweiler.at\/wp-content\/uploads\/2019\/02\/mw494-147x300.jpg 147w, https:\/\/maxweiler.at\/wp-content\/uploads\/2019\/02\/mw494-500x1024.jpg 500w\" sizes=\"auto, (max-width: 586px) 100vw, 586px\" \/><figcaption><strong>Wie eine Landschaft, nahe, 1962<br><\/strong>Eitempera auf Leinwand <br>196 x 95,5 cm<br><br><\/figcaption><\/figure><\/div>\n\n\n\n<div class=\"wp-block-image\"><figure class=\"aligncenter\"><img loading=\"lazy\" decoding=\"async\" width=\"1137\" height=\"1200\" src=\"https:\/\/maxweiler.at\/wp-content\/uploads\/2019\/02\/mw559.jpg\" alt=\"\" class=\"wp-image-1204\" srcset=\"https:\/\/maxweiler.at\/wp-content\/uploads\/2019\/02\/mw559.jpg 1137w, https:\/\/maxweiler.at\/wp-content\/uploads\/2019\/02\/mw559-284x300.jpg 284w, https:\/\/maxweiler.at\/wp-content\/uploads\/2019\/02\/mw559-768x811.jpg 768w, https:\/\/maxweiler.at\/wp-content\/uploads\/2019\/02\/mw559-970x1024.jpg 970w\" sizes=\"auto, (max-width: 767px) 99vw, (max-width: 1000px) 99vw, (max-width: 1071px) 99vw\" \/><figcaption><strong>Wie eine Landschaft, gro\u00dfe Gebirgslandschaft, 1963\/64<br><\/strong>Eitempera auf Leinwand <br>205 x 195 cm<br><br><\/figcaption><\/figure><\/div>\n\n\n\n<figure class=\"wp-block-image alignfull\"><img loading=\"lazy\" decoding=\"async\" width=\"1900\" height=\"930\" src=\"https:\/\/maxweiler.at\/wp-content\/uploads\/2019\/02\/mw538.jpg\" alt=\"\" class=\"wp-image-1206\" srcset=\"https:\/\/maxweiler.at\/wp-content\/uploads\/2019\/02\/mw538.jpg 1900w, https:\/\/maxweiler.at\/wp-content\/uploads\/2019\/02\/mw538-300x147.jpg 300w, https:\/\/maxweiler.at\/wp-content\/uploads\/2019\/02\/mw538-768x376.jpg 768w, https:\/\/maxweiler.at\/wp-content\/uploads\/2019\/02\/mw538-1024x501.jpg 1024w\" sizes=\"auto, (max-width: 767px) 99vw, (max-width: 1000px) 99vw, (max-width: 1071px) 99vw\" \/><figcaption><strong>Wie eine Landschaft, rostroter Berg, 1963<br><\/strong>Eitempera auf Leinwand <br>96 x 195 cm<br><br><\/figcaption><\/figure>\n\n\n\n<figure class=\"wp-block-image alignfull\"><img loading=\"lazy\" decoding=\"async\" width=\"1900\" height=\"1045\" src=\"https:\/\/maxweiler.at\/wp-content\/uploads\/2019\/02\/mw541.jpg\" alt=\"\" class=\"wp-image-1207\" srcset=\"https:\/\/maxweiler.at\/wp-content\/uploads\/2019\/02\/mw541.jpg 1900w, https:\/\/maxweiler.at\/wp-content\/uploads\/2019\/02\/mw541-300x165.jpg 300w, https:\/\/maxweiler.at\/wp-content\/uploads\/2019\/02\/mw541-768x422.jpg 768w, https:\/\/maxweiler.at\/wp-content\/uploads\/2019\/02\/mw541-1024x563.jpg 1024w\" sizes=\"auto, (max-width: 767px) 99vw, (max-width: 1000px) 99vw, (max-width: 1071px) 99vw\" \/><figcaption><strong>Wie eine Landschaft, Urgebirge, zwei S\u00e4ulen, 1963<br><\/strong>Eitempera auf Leinwand <br>108 x 196 cm<br><br><\/figcaption><\/figure>\n\n\n\n<figure class=\"wp-block-image alignfull\"><img loading=\"lazy\" decoding=\"async\" width=\"1900\" height=\"928\" src=\"https:\/\/maxweiler.at\/wp-content\/uploads\/2019\/02\/mw574.jpg\" alt=\"\" class=\"wp-image-1209\" srcset=\"https:\/\/maxweiler.at\/wp-content\/uploads\/2019\/02\/mw574.jpg 1900w, https:\/\/maxweiler.at\/wp-content\/uploads\/2019\/02\/mw574-300x147.jpg 300w, https:\/\/maxweiler.at\/wp-content\/uploads\/2019\/02\/mw574-768x375.jpg 768w, https:\/\/maxweiler.at\/wp-content\/uploads\/2019\/02\/mw574-1024x500.jpg 1024w\" sizes=\"auto, (max-width: 767px) 99vw, (max-width: 1000px) 99vw, (max-width: 1071px) 99vw\" \/><figcaption><strong>Wie eine Landschaft, Hochmoor, nebelig, sumpfig, nass, Gr\u00e4ser, Kr\u00e4uter, Moos, 1964<br><\/strong>Eitempera auf Leinwand <br>96 x 196 cm <br>Museum Moderner Kunst Stiftung Ludwig Wien<br><br><\/figcaption><\/figure>\n\n\n\n<div class=\"wp-block-image\"><figure class=\"aligncenter\"><img loading=\"lazy\" decoding=\"async\" width=\"1024\" height=\"752\" src=\"https:\/\/maxweiler.at\/wp-content\/uploads\/2019\/03\/mw579-1024x752.jpg\" alt=\"\" class=\"wp-image-1399\" srcset=\"https:\/\/maxweiler.at\/wp-content\/uploads\/2019\/03\/mw579-1024x752.jpg 1024w, https:\/\/maxweiler.at\/wp-content\/uploads\/2019\/03\/mw579-300x220.jpg 300w, https:\/\/maxweiler.at\/wp-content\/uploads\/2019\/03\/mw579-768x564.jpg 768w, https:\/\/maxweiler.at\/wp-content\/uploads\/2019\/03\/mw579.jpg 1634w\" sizes=\"auto, (max-width: 767px) 99vw, (max-width: 1000px) 99vw, (max-width: 1071px) 99vw\" \/><figcaption><strong>Portr\u00e4t Alois Lugger, B\u00fcrgermeister der Stadt Innsbruck, 1964<br><\/strong>Eitempera auf Leinwand <br>96 x 130 cm <br>Stadtarchiv Innsbruck<br><br><\/figcaption><\/figure><\/div>\n\n\n\n<div class=\"wp-block-image\"><figure class=\"aligncenter\"><img loading=\"lazy\" decoding=\"async\" width=\"1736\" height=\"1200\" src=\"https:\/\/maxweiler.at\/wp-content\/uploads\/2019\/02\/mw590.jpg\" alt=\"\" class=\"wp-image-1210\" srcset=\"https:\/\/maxweiler.at\/wp-content\/uploads\/2019\/02\/mw590.jpg 1736w, https:\/\/maxweiler.at\/wp-content\/uploads\/2019\/02\/mw590-300x207.jpg 300w, https:\/\/maxweiler.at\/wp-content\/uploads\/2019\/02\/mw590-768x531.jpg 768w, https:\/\/maxweiler.at\/wp-content\/uploads\/2019\/02\/mw590-1024x708.jpg 1024w\" sizes=\"auto, (max-width: 767px) 99vw, (max-width: 1000px) 99vw, (max-width: 1071px) 99vw\" \/><figcaption><strong>Wie eine Landschaft, das Ende der Berge, 1965<br><\/strong>Eitempera auf Leinwand <br>90 x 130 cm <br>Belvedere, Wien<br><br><\/figcaption><\/figure><\/div>\n\n\n\n<figure class=\"wp-block-image alignfull\"><img loading=\"lazy\" decoding=\"async\" width=\"1900\" height=\"907\" src=\"https:\/\/maxweiler.at\/wp-content\/uploads\/2019\/02\/mw601.jpg\" alt=\"\" class=\"wp-image-1212\" srcset=\"https:\/\/maxweiler.at\/wp-content\/uploads\/2019\/02\/mw601.jpg 1900w, https:\/\/maxweiler.at\/wp-content\/uploads\/2019\/02\/mw601-300x143.jpg 300w, https:\/\/maxweiler.at\/wp-content\/uploads\/2019\/02\/mw601-768x367.jpg 768w, https:\/\/maxweiler.at\/wp-content\/uploads\/2019\/02\/mw601-1024x489.jpg 1024w\" sizes=\"auto, (max-width: 767px) 99vw, (max-width: 1000px) 99vw, (max-width: 1071px) 99vw\" \/><figcaption><strong>Wie eine Landschaft, mit gro\u00dfer Kuppe, 1965<br><\/strong>Eitempera auf Leinwand <br>115 x 240 cm<br><br><\/figcaption><\/figure>\n\n\n\n<figure class=\"wp-block-image alignfull\"><img loading=\"lazy\" decoding=\"async\" width=\"1900\" height=\"923\" src=\"https:\/\/maxweiler.at\/wp-content\/uploads\/2019\/02\/mw604.jpg\" alt=\"\" class=\"wp-image-1213\" srcset=\"https:\/\/maxweiler.at\/wp-content\/uploads\/2019\/02\/mw604.jpg 1900w, https:\/\/maxweiler.at\/wp-content\/uploads\/2019\/02\/mw604-300x146.jpg 300w, https:\/\/maxweiler.at\/wp-content\/uploads\/2019\/02\/mw604-768x373.jpg 768w, https:\/\/maxweiler.at\/wp-content\/uploads\/2019\/02\/mw604-1024x497.jpg 1024w\" sizes=\"auto, (max-width: 767px) 99vw, (max-width: 1000px) 99vw, (max-width: 1071px) 99vw\" \/><figcaption><strong>Wie eine Landschaft, die grauen Berge, 1965<br><\/strong>Eitempera auf Leinwand <br>96 x 196 cm<br><br><\/figcaption><\/figure>\n\n\n\n<div class=\"wp-block-image\"><figure class=\"aligncenter\"><img loading=\"lazy\" decoding=\"async\" width=\"1056\" height=\"1200\" src=\"https:\/\/maxweiler.at\/wp-content\/uploads\/2019\/02\/mw599.jpg\" alt=\"\" class=\"wp-image-1214\" srcset=\"https:\/\/maxweiler.at\/wp-content\/uploads\/2019\/02\/mw599.jpg 1056w, https:\/\/maxweiler.at\/wp-content\/uploads\/2019\/02\/mw599-264x300.jpg 264w, https:\/\/maxweiler.at\/wp-content\/uploads\/2019\/02\/mw599-768x873.jpg 768w, https:\/\/maxweiler.at\/wp-content\/uploads\/2019\/02\/mw599-901x1024.jpg 901w\" sizes=\"auto, (max-width: 767px) 99vw, (max-width: 1000px) 99vw, (max-width: 1071px) 99vw\" \/><figcaption><strong>Walddickicht, 1965<br><\/strong>Eitempera auf Leinwand 130 x 115 cm <br>Oesterreichische Nationalbank<br><br><\/figcaption><\/figure><\/div>\n\n\n\n<figure class=\"wp-block-image alignfull\"><img loading=\"lazy\" decoding=\"async\" width=\"1900\" height=\"921\" src=\"https:\/\/maxweiler.at\/wp-content\/uploads\/2019\/02\/mw631.jpg\" alt=\"\" class=\"wp-image-1215\" srcset=\"https:\/\/maxweiler.at\/wp-content\/uploads\/2019\/02\/mw631.jpg 1900w, https:\/\/maxweiler.at\/wp-content\/uploads\/2019\/02\/mw631-300x145.jpg 300w, https:\/\/maxweiler.at\/wp-content\/uploads\/2019\/02\/mw631-768x372.jpg 768w, https:\/\/maxweiler.at\/wp-content\/uploads\/2019\/02\/mw631-1024x496.jpg 1024w\" sizes=\"auto, (max-width: 767px) 99vw, (max-width: 1000px) 99vw, (max-width: 1071px) 99vw\" \/><figcaption><strong>Wie eine Landschaft mit drei farbigen Gestalten (Materialisation), 1966<br><\/strong>Eitempera auf Leinwand <br>95 x 195 cm<br><br><\/figcaption><\/figure>\n","protected":false},"excerpt":{"rendered":"<p>Eine Gleichung taucht in Weilers Kunst jetzt auf. Sie lautet: &#8220;Wie eine Landschaft&#8221;, womit wohl gesagt sein soll: Das Bild ist keine Landschaft, \u00e4hnelt aber einer solchen, verh\u00e4lt sich in ihrer Art. Ein Blick auf die neuen Gem\u00e4lde zeigt, warum Weiler zu dieser Metaphorik greift. Die Sicherheit der landschaftlichen Perspektive, der er selbst noch unmittelbar &hellip; <\/p>\n<p class=\"link-more\"><a href=\"https:\/\/maxweiler.at\/index.php\/1198-2\/\" class=\"more-link\">Continue reading<span class=\"screen-reader-text\"> &#8220;Wie eine Landschaft, 1962-66&#8221;<\/span><\/a><\/p>\n","protected":false},"author":1,"featured_media":0,"parent":0,"menu_order":0,"comment_status":"closed","ping_status":"closed","template":"","meta":{"footnotes":""},"class_list":["post-1198","page","type-page","status-publish","hentry"],"_links":{"self":[{"href":"https:\/\/maxweiler.at\/index.php\/wp-json\/wp\/v2\/pages\/1198","targetHints":{"allow":["GET"]}}],"collection":[{"href":"https:\/\/maxweiler.at\/index.php\/wp-json\/wp\/v2\/pages"}],"about":[{"href":"https:\/\/maxweiler.at\/index.php\/wp-json\/wp\/v2\/types\/page"}],"author":[{"embeddable":true,"href":"https:\/\/maxweiler.at\/index.php\/wp-json\/wp\/v2\/users\/1"}],"replies":[{"embeddable":true,"href":"https:\/\/maxweiler.at\/index.php\/wp-json\/wp\/v2\/comments?post=1198"}],"version-history":[{"count":17,"href":"https:\/\/maxweiler.at\/index.php\/wp-json\/wp\/v2\/pages\/1198\/revisions"}],"predecessor-version":[{"id":1517,"href":"https:\/\/maxweiler.at\/index.php\/wp-json\/wp\/v2\/pages\/1198\/revisions\/1517"}],"wp:attachment":[{"href":"https:\/\/maxweiler.at\/index.php\/wp-json\/wp\/v2\/media?parent=1198"}],"curies":[{"name":"wp","href":"https:\/\/api.w.org\/{rel}","templated":true}]}}