{"id":1169,"date":"2019-02-17T16:01:06","date_gmt":"2019-02-17T16:01:06","guid":{"rendered":"http:\/\/maxweiler.at\/?page_id=1169"},"modified":"2022-01-07T08:44:49","modified_gmt":"2022-01-07T08:44:49","slug":"als-alle-dinge-1960-61","status":"publish","type":"page","link":"https:\/\/maxweiler.at\/index.php\/als-alle-dinge-1960-61\/","title":{"rendered":"Als Alle Dinge \u2026, 1960-61"},"content":{"rendered":"\n<p>&#8220;Als alle Dinge in tiefem Schweigen lagen und die Nacht in der Mitte ihres Laufes war, da kam vom Himmel, vom k\u00f6niglichen Throne, O Herr, Dein allm\u00e4chtiges Wort.&#8221;<\/p>\n\n\n\n<p>Meister Eckhart, der diesen Satz aus dem Buch der Weisheit (18, 14.15) \u00fcbersetzt hat, spielt damit auch auf die Inkarnation, d.h. auf die Weihnachtsgeschichte an. Auch f\u00fcr Weiler steht die Bilderfolge, die er dieser Sentenz widmete, in diesem Kontext. Das Thema war bereits mit dem &#8220;Weihnachtsbild von 1934&#8221; und mit dem Gem\u00e4lde &#8220;Sein (Malerei \u2013 oben roter Fleck. Als alle Dinge in tiefem Schweigen lagen)&#8221; von 1960 (siehe Kapitel:&#8221;Chiffrierte Erkundungen&#8221;) vorbereitet.&nbsp;<\/p>\n\n\n\n<p>Das alte monumentale &#8220;Weihnachtsbild&#8221; (350 x 200 cm) von 1934 (siehe Kapitel: &#8220;Anf\u00e4nge und Neuanf\u00e4nge&#8221;) auf drei montierte Sperrholzplatten gemalt, zeigt eine frontal sitzende m\u00e4nnliche Figur, die eine Frau mit Kind auf dem Scho\u00dfe h\u00e4lt. Der Sch\u00f6pfer, der die Sch\u00f6pfung tr\u00e4gt, entscheidet sich, als &#8220;die Nacht in der Mitte ihres Laufes war&#8221;, sein allm\u00e4chtiges Wort zu sprechen. Die Figurenkonstellation deutet darauf hin, dass die Sch\u00f6pfung f\u00fcrsorglich getragen ist, dass die Erl\u00f6sung nicht nur den Menschen betrifft, sondern die gesamte Natur, den Kosmos. Auf der R\u00fcckseite des &#8220;Weihnachtsbildes&#8221; von 1933 (siehe Kapitel: &#8220;Anf\u00e4nge und Neuanf\u00e4nge&#8221;) findet sich zum ersten Mal jener Satz aus der Weisheit Salomonis, den der K\u00fcnstler der Bildergruppe von 1960\/61 zugrunde gelegt hat.<\/p>\n\n\n\n<p>Nach der Erfahrung auf der venezianischen Biennale 1960 ging der K\u00fcnstler auf dieses geistige Zentrum seiner Arbeit zur\u00fcck und entfaltete daraus in einem reichlichen Jahr eine Sequenz von insgesamt 29 Bildern, deren wechselseitige Zuordnung daraus resultiert, dass Weiler jedes Wort des Satzes einem der Gem\u00e4lde als Titel beif\u00fcgte, wobei &#8220;Dinge&#8221; zweimal repr\u00e4sentiert worden sind.&nbsp;<\/p>\n\n\n\n<p>Schon der erste Blick zeigt, dass Weiler nicht den Versuch macht, die sprachliche Sentenz zu illustrieren. Eher geht es ihm darum, mit den Mitteln der Malerei jenes namenlose, die Vorstellung sprengende Geheimnis zu evozieren. Es geht um eine Folge von Meditationsbildern, die den Betrachter in die Lage versetzen, aus sich selbst jenes Unnennbare aufzubauen. Weiler hat die Bilderfolge mit einem k\u00fcnstlichen Wald verglichen,&nbsp;&#8220;die Tannen, Fichten, F\u00f6hren, Eiben und der stille Wald, in dem der Mensch ganz allein ist&#8221;.&nbsp;(1972) Als die Sequenz Ende 1961 erstmals in der Tiroler Handelskammer in Innsbruck ausgestellt wurde, hingen die Bilder frei im Raum, sie f\u00fcgten sich zu einer Meditationsstra\u00dfe.&#8221;Dann dachte ich an einen gewundenen Gang&#8221;,&nbsp;bemerkt Weiler,&nbsp;&#8221; \u2013 bald breiter, bald enger werdend, einen Gang zum Meditieren, aus rohem Beton und Asphalt am Boden, oben Lichtl\u00f6cher. F\u00fcr diesen Gang machte ich die Bilder. Immer wieder sucht der Gehende, wenn er seinen Blick erhebt, das Herabstr\u00f6mende oder das Auffangende in allen Farbkombinationen.&#8221;<\/p>\n\n\n\n<p>Im selben Jahr erhielt Weiler den Gro\u00dfen \u00d6sterreichischen Staatspreis. Seine Kunst hatte jetzt die lange entbehrte, nationale und zum Teil auch internationale Anerkennung gefunden. 1964 folgte der Ruf an die Wiener Akademie der bildenden K\u00fcnste und damit der definitive Wechsel des Lebensortes.<br><br><\/p>\n\n\n\n<div class=\"wp-block-image\"><figure class=\"aligncenter\"><img loading=\"lazy\" decoding=\"async\" width=\"601\" height=\"1200\" src=\"https:\/\/maxweiler.at\/wp-content\/uploads\/2019\/02\/mw424.jpg\" alt=\"\" class=\"wp-image-1170\" srcset=\"https:\/\/maxweiler.at\/wp-content\/uploads\/2019\/02\/mw424.jpg 601w, https:\/\/maxweiler.at\/wp-content\/uploads\/2019\/02\/mw424-150x300.jpg 150w, https:\/\/maxweiler.at\/wp-content\/uploads\/2019\/02\/mw424-513x1024.jpg 513w\" sizes=\"auto, (max-width: 601px) 100vw, 601px\" \/><figcaption><strong>Als, 1960<br><\/strong>Eitempera auf Leinwand <br>230,5 x 115 cm<br><br><\/figcaption><\/figure><\/div>\n\n\n\n<figure class=\"wp-block-image alignfull\"><img loading=\"lazy\" decoding=\"async\" width=\"1024\" height=\"968\" src=\"https:\/\/maxweiler.at\/wp-content\/uploads\/2019\/02\/mw425-1024x968.jpg\" alt=\"\" class=\"wp-image-1174\" srcset=\"https:\/\/maxweiler.at\/wp-content\/uploads\/2019\/02\/mw425-1024x968.jpg 1024w, https:\/\/maxweiler.at\/wp-content\/uploads\/2019\/02\/mw425-300x283.jpg 300w, https:\/\/maxweiler.at\/wp-content\/uploads\/2019\/02\/mw425-768x726.jpg 768w, https:\/\/maxweiler.at\/wp-content\/uploads\/2019\/02\/mw425.jpg 1270w\" sizes=\"auto, (max-width: 767px) 99vw, (max-width: 1000px) 99vw, (max-width: 1071px) 99vw\" \/><figcaption><strong>Alle, 1960<br><\/strong>Eitempera auf Leinwand <br>195 x 205 cm<br><br><\/figcaption><\/figure>\n\n\n\n<figure class=\"wp-block-image alignfull\"><img loading=\"lazy\" decoding=\"async\" width=\"1127\" height=\"1200\" src=\"https:\/\/maxweiler.at\/wp-content\/uploads\/2019\/02\/mw427.jpg\" alt=\"\" class=\"wp-image-1179\" srcset=\"https:\/\/maxweiler.at\/wp-content\/uploads\/2019\/02\/mw427.jpg 1127w, https:\/\/maxweiler.at\/wp-content\/uploads\/2019\/02\/mw427-282x300.jpg 282w, https:\/\/maxweiler.at\/wp-content\/uploads\/2019\/02\/mw427-768x818.jpg 768w, https:\/\/maxweiler.at\/wp-content\/uploads\/2019\/02\/mw427-962x1024.jpg 962w\" sizes=\"auto, (max-width: 767px) 99vw, (max-width: 1000px) 99vw, (max-width: 1071px) 99vw\" \/><figcaption><strong>Dinge II, 1960<br><\/strong>Eitempera auf Leinwand <br>205 x 195 cm<br><br><\/figcaption><\/figure>\n\n\n\n<div class=\"wp-block-image\"><figure class=\"aligncenter\"><img loading=\"lazy\" decoding=\"async\" width=\"596\" height=\"1200\" src=\"https:\/\/maxweiler.at\/wp-content\/uploads\/2019\/02\/mw430.jpg\" alt=\"\" class=\"wp-image-1180\" srcset=\"https:\/\/maxweiler.at\/wp-content\/uploads\/2019\/02\/mw430.jpg 596w, https:\/\/maxweiler.at\/wp-content\/uploads\/2019\/02\/mw430-149x300.jpg 149w, https:\/\/maxweiler.at\/wp-content\/uploads\/2019\/02\/mw430-509x1024.jpg 509w\" sizes=\"auto, (max-width: 596px) 100vw, 596px\" \/><figcaption><strong>Schweigen, 1960<br><\/strong>Eitempera auf Leinwand <br>230,5 x 115 cm<\/figcaption><\/figure><\/div>\n\n\n\n<figure class=\"wp-block-image alignfull\"><img loading=\"lazy\" decoding=\"async\" width=\"1900\" height=\"931\" src=\"https:\/\/maxweiler.at\/wp-content\/uploads\/2019\/02\/mw434.jpg\" alt=\"\" class=\"wp-image-1181\" srcset=\"https:\/\/maxweiler.at\/wp-content\/uploads\/2019\/02\/mw434.jpg 1900w, https:\/\/maxweiler.at\/wp-content\/uploads\/2019\/02\/mw434-300x147.jpg 300w, https:\/\/maxweiler.at\/wp-content\/uploads\/2019\/02\/mw434-768x376.jpg 768w, https:\/\/maxweiler.at\/wp-content\/uploads\/2019\/02\/mw434-1024x502.jpg 1024w\" sizes=\"auto, (max-width: 767px) 99vw, (max-width: 1000px) 99vw, (max-width: 1071px) 99vw\" \/><figcaption><strong>Nacht, 1961<br><\/strong>Eitempera auf Leinwand <br>115 x 230 cm <br>Belvedere, Wien<br><br><\/figcaption><\/figure>\n\n\n\n<figure class=\"wp-block-image alignfull\"><img loading=\"lazy\" decoding=\"async\" width=\"1143\" height=\"1200\" src=\"https:\/\/maxweiler.at\/wp-content\/uploads\/2019\/02\/mw439.jpg\" alt=\"\" class=\"wp-image-1183\" srcset=\"https:\/\/maxweiler.at\/wp-content\/uploads\/2019\/02\/mw439.jpg 1143w, https:\/\/maxweiler.at\/wp-content\/uploads\/2019\/02\/mw439-286x300.jpg 286w, https:\/\/maxweiler.at\/wp-content\/uploads\/2019\/02\/mw439-768x806.jpg 768w, https:\/\/maxweiler.at\/wp-content\/uploads\/2019\/02\/mw439-975x1024.jpg 975w\" sizes=\"auto, (max-width: 767px) 99vw, (max-width: 1000px) 99vw, (max-width: 1071px) 99vw\" \/><figcaption><strong>Laufes, 1961<br><\/strong>Eitempera auf Leinwand <br>205 x 195 cm<br><br><\/figcaption><\/figure>\n\n\n\n<div class=\"wp-block-image\"><figure class=\"aligncenter\"><img loading=\"lazy\" decoding=\"async\" width=\"877\" height=\"1200\" src=\"https:\/\/maxweiler.at\/wp-content\/uploads\/2019\/02\/mw442.jpg\" alt=\"\" class=\"wp-image-1184\" srcset=\"https:\/\/maxweiler.at\/wp-content\/uploads\/2019\/02\/mw442.jpg 877w, https:\/\/maxweiler.at\/wp-content\/uploads\/2019\/02\/mw442-219x300.jpg 219w, https:\/\/maxweiler.at\/wp-content\/uploads\/2019\/02\/mw442-768x1051.jpg 768w, https:\/\/maxweiler.at\/wp-content\/uploads\/2019\/02\/mw442-748x1024.jpg 748w\" sizes=\"auto, (max-width: 767px) 99vw, (max-width: 1000px) 99vw, (max-width: 1071px) 99vw\" \/><figcaption><strong>Kam, 1961<br><\/strong>Eitempera auf Leinwand <br>155 x 115 cm<br><br><\/figcaption><\/figure><\/div>\n\n\n\n<figure class=\"wp-block-image alignfull\"><img loading=\"lazy\" decoding=\"async\" width=\"1156\" height=\"1200\" src=\"https:\/\/maxweiler.at\/wp-content\/uploads\/2019\/02\/mw443.jpg\" alt=\"\" class=\"wp-image-1185\" srcset=\"https:\/\/maxweiler.at\/wp-content\/uploads\/2019\/02\/mw443.jpg 1156w, https:\/\/maxweiler.at\/wp-content\/uploads\/2019\/02\/mw443-289x300.jpg 289w, https:\/\/maxweiler.at\/wp-content\/uploads\/2019\/02\/mw443-768x797.jpg 768w, https:\/\/maxweiler.at\/wp-content\/uploads\/2019\/02\/mw443-986x1024.jpg 986w\" sizes=\"auto, (max-width: 767px) 99vw, (max-width: 1000px) 99vw, (max-width: 1071px) 99vw\" \/><figcaption><strong>Himmel, 1960<br><\/strong>Eitempera auf Leinwand <br>205 x 195 cm<br><br><\/figcaption><\/figure>\n\n\n\n<div class=\"wp-block-image\"><figure class=\"aligncenter\"><img loading=\"lazy\" decoding=\"async\" width=\"594\" height=\"1200\" src=\"https:\/\/maxweiler.at\/wp-content\/uploads\/2019\/02\/mw446.jpg\" alt=\"\" class=\"wp-image-1186\" srcset=\"https:\/\/maxweiler.at\/wp-content\/uploads\/2019\/02\/mw446.jpg 594w, https:\/\/maxweiler.at\/wp-content\/uploads\/2019\/02\/mw446-149x300.jpg 149w, https:\/\/maxweiler.at\/wp-content\/uploads\/2019\/02\/mw446-507x1024.jpg 507w\" sizes=\"auto, (max-width: 594px) 100vw, 594px\" \/><figcaption><strong>Throne, 1961<br><\/strong>Eitempera auf Leinwand <br>230,5 x 115 cm<br><br><\/figcaption><\/figure><\/div>\n\n\n\n<div class=\"wp-block-image\"><figure class=\"aligncenter\"><img loading=\"lazy\" decoding=\"async\" width=\"584\" height=\"1200\" src=\"https:\/\/maxweiler.at\/wp-content\/uploads\/2019\/02\/mw447.jpg\" alt=\"\" class=\"wp-image-1188\" srcset=\"https:\/\/maxweiler.at\/wp-content\/uploads\/2019\/02\/mw447.jpg 584w, https:\/\/maxweiler.at\/wp-content\/uploads\/2019\/02\/mw447-146x300.jpg 146w, https:\/\/maxweiler.at\/wp-content\/uploads\/2019\/02\/mw447-498x1024.jpg 498w\" sizes=\"auto, (max-width: 584px) 100vw, 584px\" \/><figcaption><strong>O, 1961<br><\/strong>Eitempera auf Leinwand <br>230,5 x 115 cm<br><br><\/figcaption><\/figure><\/div>\n\n\n\n<div class=\"wp-block-image\"><figure class=\"aligncenter\"><img loading=\"lazy\" decoding=\"async\" width=\"590\" height=\"1200\" src=\"https:\/\/maxweiler.at\/wp-content\/uploads\/2019\/02\/mw448.jpg\" alt=\"\" class=\"wp-image-1189\" srcset=\"https:\/\/maxweiler.at\/wp-content\/uploads\/2019\/02\/mw448.jpg 590w, https:\/\/maxweiler.at\/wp-content\/uploads\/2019\/02\/mw448-148x300.jpg 148w, https:\/\/maxweiler.at\/wp-content\/uploads\/2019\/02\/mw448-503x1024.jpg 503w\" sizes=\"auto, (max-width: 590px) 100vw, 590px\" \/><figcaption><strong>Herr, 1961<br><\/strong>Eitempera auf Leinwand <br>230,5 x 115 cm<br><br><\/figcaption><\/figure><\/div>\n\n\n\n<div class=\"wp-block-image\"><figure class=\"aligncenter\"><img loading=\"lazy\" decoding=\"async\" width=\"888\" height=\"1200\" src=\"https:\/\/maxweiler.at\/wp-content\/uploads\/2019\/02\/mw450.jpg\" alt=\"\" class=\"wp-image-1191\" srcset=\"https:\/\/maxweiler.at\/wp-content\/uploads\/2019\/02\/mw450.jpg 888w, https:\/\/maxweiler.at\/wp-content\/uploads\/2019\/02\/mw450-222x300.jpg 222w, https:\/\/maxweiler.at\/wp-content\/uploads\/2019\/02\/mw450-768x1038.jpg 768w, https:\/\/maxweiler.at\/wp-content\/uploads\/2019\/02\/mw450-758x1024.jpg 758w\" sizes=\"auto, (max-width: 767px) 99vw, (max-width: 1000px) 99vw, (max-width: 1071px) 99vw\" \/><figcaption><strong>Allm\u00e4chtiges, 1961<br><\/strong>Eitempera auf Leinwand <br>155 x 115 cm<\/figcaption><\/figure><\/div>\n","protected":false},"excerpt":{"rendered":"<p>&#8220;Als alle Dinge in tiefem Schweigen lagen und die Nacht in der Mitte ihres Laufes war, da kam vom Himmel, vom k\u00f6niglichen Throne, O Herr, Dein allm\u00e4chtiges Wort.&#8221; Meister Eckhart, der diesen Satz aus dem Buch der Weisheit (18, 14.15) \u00fcbersetzt hat, spielt damit auch auf die Inkarnation, d.h. auf die Weihnachtsgeschichte an. Auch f\u00fcr &hellip; <\/p>\n<p class=\"link-more\"><a href=\"https:\/\/maxweiler.at\/index.php\/als-alle-dinge-1960-61\/\" class=\"more-link\">Continue reading<span class=\"screen-reader-text\"> &#8220;Als Alle Dinge \u2026, 1960-61&#8221;<\/span><\/a><\/p>\n","protected":false},"author":1,"featured_media":0,"parent":0,"menu_order":0,"comment_status":"closed","ping_status":"closed","template":"","meta":{"footnotes":""},"class_list":["post-1169","page","type-page","status-publish","hentry"],"_links":{"self":[{"href":"https:\/\/maxweiler.at\/index.php\/wp-json\/wp\/v2\/pages\/1169","targetHints":{"allow":["GET"]}}],"collection":[{"href":"https:\/\/maxweiler.at\/index.php\/wp-json\/wp\/v2\/pages"}],"about":[{"href":"https:\/\/maxweiler.at\/index.php\/wp-json\/wp\/v2\/types\/page"}],"author":[{"embeddable":true,"href":"https:\/\/maxweiler.at\/index.php\/wp-json\/wp\/v2\/users\/1"}],"replies":[{"embeddable":true,"href":"https:\/\/maxweiler.at\/index.php\/wp-json\/wp\/v2\/comments?post=1169"}],"version-history":[{"count":25,"href":"https:\/\/maxweiler.at\/index.php\/wp-json\/wp\/v2\/pages\/1169\/revisions"}],"predecessor-version":[{"id":1544,"href":"https:\/\/maxweiler.at\/index.php\/wp-json\/wp\/v2\/pages\/1169\/revisions\/1544"}],"wp:attachment":[{"href":"https:\/\/maxweiler.at\/index.php\/wp-json\/wp\/v2\/media?parent=1169"}],"curies":[{"name":"wp","href":"https:\/\/api.w.org\/{rel}","templated":true}]}}